{"id":919,"date":"2022-11-14T11:45:14","date_gmt":"2022-11-14T11:45:14","guid":{"rendered":"https:\/\/didatticainclusione.events.unibz.it\/?page_id=919"},"modified":"2024-03-06T09:26:15","modified_gmt":"2024-03-06T09:26:15","slug":"die-konferenz-2023","status":"publish","type":"page","link":"https:\/\/didatticainclusione.events.unibz.it\/?page_id=919&lang=de","title":{"rendered":"Die Konferenz 2023"},"content":{"rendered":"\n<h2 class=\"wp-block-heading has-text-align-center\"><mark style=\"background-color:rgba(0, 0, 0, 0);color:#c5804e\" class=\"has-inline-color\"><strong>DIDATTICA E INCLUSIONE SCOLASTICA<\/strong><\/mark><\/h2>\n\n\n\n<h2 class=\"wp-block-heading has-text-align-center\"><mark style=\"background-color:rgba(0, 0, 0, 0);color:#c5804e\" class=\"has-inline-color\"><strong>INKLUSION IM BILDUNGSBEREICH<\/strong><\/mark><\/h2>\n\n\n\n<h2 class=\"wp-block-heading has-text-align-center\"><mark style=\"background-color:rgba(0, 0, 0, 0);color:#c5804e\" class=\"has-inline-color\"><strong>Vernetzt: costruire comunit\u00e0<\/strong><\/mark><\/h2>\n\n\n\n<p class=\"has-text-align-center\"><mark style=\"background-color:rgba(0, 0, 0, 0);color:#c5804e\" class=\"has-inline-color\">3-4.3.2023 Bressanone-Brixen<\/mark><\/p>\n\n\n\n<figure class=\"wp-block-pullquote\"><blockquote><p><\/p><cite><em>Ein WIR entsteht \u00fcberall dort, wo Menschen sich m\u00f6gen. Es gibt also ziemlich viele WIR und jedes sieht ein bisschen anders aus. Eines haben sie aber alle gemeinsam: Sie sind sehr wertvoll<\/em> (Aus \u201eDas kleine Wir\u201c von Daniela Kunkel) <br><br><em>Ho imparato che il problema degli altri \u00e8 uguale al mio. Sortirne insieme \u00e8 la politica, sortirne soli \u00e8 l\u2019avarizia<\/em> (don Lorenzo Milani) <\/cite><\/blockquote><\/figure>\n\n\n\n<p>Zusammenarbeit, Dialog, Vertrauen und Partizipation bringen Leben in die Bildung. Heute mehr denn je sind es Gemeinschaft und Vernetzung, die uns dabei helfen k\u00f6nnen, die Entwicklung von Bildung voranzutreiben \u2013 gemeinsam und hoffnungsvoll. Gemeinsam, weil die Herausforderungen komplex sind und mehrere Perspektiven, mehr Professionalit\u00e4t erfordern. Gemeinsam, damit Raum f\u00fcr die St\u00e4rke und Verletzlichkeit jedes und jeder einzelnen von uns bleibt. Gemeinsam, weil wir durch Zusammenarbeit die Samen dieser Zeit zum Gedeihen bringen k\u00f6nnen: Seien es greifbare Dinge wie etwa die neuen Kommunikations- und Lerntechnologien, aber auch weniger greifbare wie die Widerstandsf\u00e4higkeit der Menschen und ihrer Lebenszusammenh\u00e4nge, wenn sie Wege finden, um sich zusammenzuschlie\u00dfen und zu unterst\u00fctzen. Gleichsam das Bewusstsein f\u00fcr den Wert der Umwelt \u2013 insbesondere jenes der Kinder und Jugendlichen \u2013, das Potenzial der Pluralit\u00e4t und Flexibilit\u00e4t von Zeit und Raum \u2013 auch in der Bildung \u2013, aber ebenso die Bedeutung bestimmter Routinen und von Best\u00e4ndigkeit.<\/p>\n\n\n\n<p>Unter diesen Pr\u00e4missen kehrt die Konferenz &#8220;Didattica e inclusione scolastica. Inklusion im Bildungsbereich&#8221; \u2013 gef\u00f6rdert und organisiert vom Kompetenzzentrum f\u00fcr Inklusion im Bildungsbereich der Freien Universit\u00e4t Bozen \u2013 in ihrer nunmehr achten Ausgabe vollst\u00e4ndig in Pr\u00e4senz zur\u00fcck und wird dabei durch eine Online-Version erg\u00e4nzt, um auch f\u00fcr jene zug\u00e4nglich zu sein, die nicht vor Ort sein k\u00f6nnen. Der Ort und das Datum der n\u00e4chsten Ausgabe haben eine besondere Bedeutung. Die Konferenz findet wieder dort statt, wo sie 2010 mit der ersten Ausgabe ihren Anfang nahm, n\u00e4mlich an der Fakult\u00e4t f\u00fcr Bildungswissenschaften in Brixen. Die geografische Position der im Norden Italiens liegenden Grenzregion sowie das zweisprachige (italienische und deutsche) Programm sind Ausdruck des Anliegens, im Bereich der Inklusion im Bildungsbereich eine Br\u00fccke zwischen der deutschsprachigen und der italienischsprachigen Kultur zu bauen. Au\u00dferdem werden wir uns genau im M\u00e4rz 2023 treffen, drei Jahre nach dem ersten Lockdown, der D\u00f6rfer, St\u00e4dte, Regionen und Nationen, also ganze Gemeinschaften zerrissen hat, von denen aus nun neu gestartet werden muss.<\/p>\n\n\n\n<p>Lehrpersonen, Bildungsfachkr\u00e4fte und Forscher:innen k\u00f6nnen im Rahmen der Konferenz innovative Bildungsforschung und -praktiken austauschen und verbreiten, die zur Verwirklichung hochwertiger Inklusion im Bildungsbereich beitragen, wobei sich Plenumsvortr\u00e4ge, vertiefende Diskussionen und parallele Workshops mit Beitr\u00e4gen zu Forschung und bew\u00e4hrten Praktiken abwechseln. Gemeinsam ist Inklusion m\u00f6glich!<\/p>\n\n\n\n<div style=\"height:50px\" aria-hidden=\"true\" class=\"wp-block-spacer\"><\/div>\n\n\n\n<p><strong>Die Konferenz findet am 3. und 4. M\u00e4rz 2023 in Brixen statt<\/strong> und ist strukturiert sich folgenderma\u00dfen:<\/p>\n\n\n\n<ul class=\"wp-block-list\">\n<li>Er\u00f6ffnende Plenumsveranstaltung, thematische Schwerpunkte und parallele Workshops am Freitagnachmittag, 3. M\u00e4rz<\/li>\n\n\n\n<li>Parallelbeitr\u00e4ge mit bew\u00e4hrten Praktiken und Forschungsarbeiten am Samstagvormittag, 4. M\u00e4rz<\/li>\n\n\n\n<li>Abschlie\u00dfende Plenumsveranstaltung am Samstagnachmittag, 4. M\u00e4rz<\/li>\n<\/ul>\n\n\n\n<div style=\"height:25px\" aria-hidden=\"true\" class=\"wp-block-spacer\"><\/div>\n\n\n\n<div style=\"height:100px\" aria-hidden=\"true\" class=\"wp-block-spacer\"><\/div>\n\n\n\n<p class=\"has-text-align-right\">Veranstaltung organisiert vom <a href=\"https:\/\/www.unibz.it\/de\/home\/research\/competence-center-school-inclusion\/\">Kompetenzzentrum f\u00fcr Inklusion im Bildungsbereich der Freien Universit\u00e4t Bozen<\/a>:<\/p>\n\n\n\n<p class=\"has-text-align-right\">Petra Auer, Rosa Bellacicco, Silver Cappello, Heidrun Demo, Enrico Angelo Emili, Anna Frizzarin, Dario Ianes, Vanessa Macchia, Simone Seitz<\/p>\n\n\n\n<p class=\"has-text-align-right\">F\u00fcr das Programm: Heidrun Demo, Simone Seitz, Vanessa Macchia und Silver Cappello <\/p>\n\n\n\n<p class=\"has-text-align-right\">F\u00fcr die Organisation: Silver Cappello<\/p>\n\n\n\n<p class=\"has-text-align-right\"><\/p>\n\n\n\n<p class=\"has-text-align-right\"><\/p>\n","protected":false},"excerpt":{"rendered":"<p>DIDATTICA E INCLUSIONE SCOLASTICA INKLUSION IM BILDUNGSBEREICH Vernetzt: costruire comunit\u00e0 3-4.3.2023 Bressanone-Brixen Ein WIR entsteht \u00fcberall dort, wo Menschen sich m\u00f6gen. Es gibt also ziemlich viele WIR und jedes sieht ein bisschen anders aus. Eines haben sie aber alle gemeinsam: Sie sind sehr wertvoll (Aus \u201eDas kleine Wir\u201c von Daniela [&hellip;]<\/p>\n","protected":false},"author":6,"featured_media":980,"parent":0,"menu_order":0,"comment_status":"closed","ping_status":"closed","template":"","meta":{"footnotes":""},"class_list":["post-919","page","type-page","status-publish","has-post-thumbnail","hentry"],"yoast_head":"<!-- This site is optimized with the Yoast SEO plugin v27.5 - https:\/\/yoast.com\/product\/yoast-seo-wordpress\/ -->\n<title>Die Konferenz 2023 - Didattica e inclusione scolastica<\/title>\n<meta name=\"robots\" content=\"index, follow, max-snippet:-1, max-image-preview:large, max-video-preview:-1\" \/>\n<link rel=\"canonical\" href=\"https:\/\/didatticainclusione.events.unibz.it\/?page_id=919&lang=de\" \/>\n<meta property=\"og:locale\" content=\"en_US\" \/>\n<meta property=\"og:type\" content=\"article\" \/>\n<meta property=\"og:title\" content=\"Die Konferenz 2023 - Didattica e inclusione scolastica\" \/>\n<meta property=\"og:description\" content=\"DIDATTICA E INCLUSIONE SCOLASTICA INKLUSION IM BILDUNGSBEREICH Vernetzt: costruire comunit\u00e0 3-4.3.2023 Bressanone-Brixen Ein WIR entsteht \u00fcberall dort, wo Menschen sich m\u00f6gen. Es gibt also ziemlich viele WIR und jedes sieht ein bisschen anders aus. Eines haben sie aber alle gemeinsam: Sie sind sehr wertvoll (Aus \u201eDas kleine Wir\u201c von Daniela [&hellip;]\" \/>\n<meta property=\"og:url\" content=\"https:\/\/didatticainclusione.events.unibz.it\/?page_id=919&amp;lang=de\" \/>\n<meta property=\"og:site_name\" content=\"Didattica e inclusione scolastica\" \/>\n<meta property=\"article:modified_time\" content=\"2024-03-06T09:26:15+00:00\" \/>\n<meta property=\"og:image\" content=\"http:\/\/didatticainclusione.events.unibz.it\/wp-content\/uploads\/2022\/11\/Didattica-e-Inclusione-Scolastica.-Inklusion-im-Bildungsbereich-1.jpg\" \/>\n\t<meta property=\"og:image:width\" content=\"1920\" \/>\n\t<meta property=\"og:image:height\" content=\"1080\" \/>\n\t<meta property=\"og:image:type\" content=\"image\/jpeg\" \/>\n<meta name=\"twitter:card\" content=\"summary_large_image\" \/>\n<meta name=\"twitter:label1\" content=\"Est. reading time\" \/>\n\t<meta name=\"twitter:data1\" content=\"3 minutes\" \/>\n<script type=\"application\/ld+json\" class=\"yoast-schema-graph\">{\"@context\":\"https:\\\/\\\/schema.org\",\"@graph\":[{\"@type\":\"WebPage\",\"@id\":\"https:\\\/\\\/didatticainclusione.events.unibz.it\\\/?page_id=919&lang=de\",\"url\":\"https:\\\/\\\/didatticainclusione.events.unibz.it\\\/?page_id=919&lang=de\",\"name\":\"Die Konferenz 2023 - Didattica e inclusione scolastica\",\"isPartOf\":{\"@id\":\"https:\\\/\\\/didatticainclusione.events.unibz.it\\\/#website\"},\"primaryImageOfPage\":{\"@id\":\"https:\\\/\\\/didatticainclusione.events.unibz.it\\\/?page_id=919&lang=de#primaryimage\"},\"image\":{\"@id\":\"https:\\\/\\\/didatticainclusione.events.unibz.it\\\/?page_id=919&lang=de#primaryimage\"},\"thumbnailUrl\":\"https:\\\/\\\/didatticainclusione.events.unibz.it\\\/wp-content\\\/uploads\\\/2022\\\/11\\\/Didattica-e-Inclusione-Scolastica.-Inklusion-im-Bildungsbereich-1.jpg\",\"datePublished\":\"2022-11-14T11:45:14+00:00\",\"dateModified\":\"2024-03-06T09:26:15+00:00\",\"breadcrumb\":{\"@id\":\"https:\\\/\\\/didatticainclusione.events.unibz.it\\\/?page_id=919&lang=de#breadcrumb\"},\"inLanguage\":\"en-US\",\"potentialAction\":[{\"@type\":\"ReadAction\",\"target\":[\"https:\\\/\\\/didatticainclusione.events.unibz.it\\\/?page_id=919&lang=de\"]}]},{\"@type\":\"ImageObject\",\"inLanguage\":\"en-US\",\"@id\":\"https:\\\/\\\/didatticainclusione.events.unibz.it\\\/?page_id=919&lang=de#primaryimage\",\"url\":\"https:\\\/\\\/didatticainclusione.events.unibz.it\\\/wp-content\\\/uploads\\\/2022\\\/11\\\/Didattica-e-Inclusione-Scolastica.-Inklusion-im-Bildungsbereich-1.jpg\",\"contentUrl\":\"https:\\\/\\\/didatticainclusione.events.unibz.it\\\/wp-content\\\/uploads\\\/2022\\\/11\\\/Didattica-e-Inclusione-Scolastica.-Inklusion-im-Bildungsbereich-1.jpg\",\"width\":1920,\"height\":1080},{\"@type\":\"BreadcrumbList\",\"@id\":\"https:\\\/\\\/didatticainclusione.events.unibz.it\\\/?page_id=919&lang=de#breadcrumb\",\"itemListElement\":[{\"@type\":\"ListItem\",\"position\":1,\"name\":\"Home\",\"item\":\"https:\\\/\\\/didatticainclusione.events.unibz.it\\\/\"},{\"@type\":\"ListItem\",\"position\":2,\"name\":\"Die Konferenz 2023\"}]},{\"@type\":\"WebSite\",\"@id\":\"https:\\\/\\\/didatticainclusione.events.unibz.it\\\/#website\",\"url\":\"https:\\\/\\\/didatticainclusione.events.unibz.it\\\/\",\"name\":\"Didattica e inclusione scolastica\",\"description\":\"Just another WordPress site\",\"potentialAction\":[{\"@type\":\"SearchAction\",\"target\":{\"@type\":\"EntryPoint\",\"urlTemplate\":\"https:\\\/\\\/didatticainclusione.events.unibz.it\\\/?s={search_term_string}\"},\"query-input\":{\"@type\":\"PropertyValueSpecification\",\"valueRequired\":true,\"valueName\":\"search_term_string\"}}],\"inLanguage\":\"en-US\"}]}<\/script>\n<!-- \/ Yoast SEO plugin. -->","yoast_head_json":{"title":"Die Konferenz 2023 - Didattica e inclusione scolastica","robots":{"index":"index","follow":"follow","max-snippet":"max-snippet:-1","max-image-preview":"max-image-preview:large","max-video-preview":"max-video-preview:-1"},"canonical":"https:\/\/didatticainclusione.events.unibz.it\/?page_id=919&lang=de","og_locale":"en_US","og_type":"article","og_title":"Die Konferenz 2023 - Didattica e inclusione scolastica","og_description":"DIDATTICA E INCLUSIONE SCOLASTICA INKLUSION IM BILDUNGSBEREICH Vernetzt: costruire comunit\u00e0 3-4.3.2023 Bressanone-Brixen Ein WIR entsteht \u00fcberall dort, wo Menschen sich m\u00f6gen. Es gibt also ziemlich viele WIR und jedes sieht ein bisschen anders aus. Eines haben sie aber alle gemeinsam: Sie sind sehr wertvoll (Aus \u201eDas kleine Wir\u201c von Daniela [&hellip;]","og_url":"https:\/\/didatticainclusione.events.unibz.it\/?page_id=919&lang=de","og_site_name":"Didattica e inclusione scolastica","article_modified_time":"2024-03-06T09:26:15+00:00","og_image":[{"width":1920,"height":1080,"url":"http:\/\/didatticainclusione.events.unibz.it\/wp-content\/uploads\/2022\/11\/Didattica-e-Inclusione-Scolastica.-Inklusion-im-Bildungsbereich-1.jpg","type":"image\/jpeg"}],"twitter_card":"summary_large_image","twitter_misc":{"Est. reading time":"3 minutes"},"schema":{"@context":"https:\/\/schema.org","@graph":[{"@type":"WebPage","@id":"https:\/\/didatticainclusione.events.unibz.it\/?page_id=919&lang=de","url":"https:\/\/didatticainclusione.events.unibz.it\/?page_id=919&lang=de","name":"Die Konferenz 2023 - Didattica e inclusione scolastica","isPartOf":{"@id":"https:\/\/didatticainclusione.events.unibz.it\/#website"},"primaryImageOfPage":{"@id":"https:\/\/didatticainclusione.events.unibz.it\/?page_id=919&lang=de#primaryimage"},"image":{"@id":"https:\/\/didatticainclusione.events.unibz.it\/?page_id=919&lang=de#primaryimage"},"thumbnailUrl":"https:\/\/didatticainclusione.events.unibz.it\/wp-content\/uploads\/2022\/11\/Didattica-e-Inclusione-Scolastica.-Inklusion-im-Bildungsbereich-1.jpg","datePublished":"2022-11-14T11:45:14+00:00","dateModified":"2024-03-06T09:26:15+00:00","breadcrumb":{"@id":"https:\/\/didatticainclusione.events.unibz.it\/?page_id=919&lang=de#breadcrumb"},"inLanguage":"en-US","potentialAction":[{"@type":"ReadAction","target":["https:\/\/didatticainclusione.events.unibz.it\/?page_id=919&lang=de"]}]},{"@type":"ImageObject","inLanguage":"en-US","@id":"https:\/\/didatticainclusione.events.unibz.it\/?page_id=919&lang=de#primaryimage","url":"https:\/\/didatticainclusione.events.unibz.it\/wp-content\/uploads\/2022\/11\/Didattica-e-Inclusione-Scolastica.-Inklusion-im-Bildungsbereich-1.jpg","contentUrl":"https:\/\/didatticainclusione.events.unibz.it\/wp-content\/uploads\/2022\/11\/Didattica-e-Inclusione-Scolastica.-Inklusion-im-Bildungsbereich-1.jpg","width":1920,"height":1080},{"@type":"BreadcrumbList","@id":"https:\/\/didatticainclusione.events.unibz.it\/?page_id=919&lang=de#breadcrumb","itemListElement":[{"@type":"ListItem","position":1,"name":"Home","item":"https:\/\/didatticainclusione.events.unibz.it\/"},{"@type":"ListItem","position":2,"name":"Die Konferenz 2023"}]},{"@type":"WebSite","@id":"https:\/\/didatticainclusione.events.unibz.it\/#website","url":"https:\/\/didatticainclusione.events.unibz.it\/","name":"Didattica e inclusione scolastica","description":"Just another WordPress site","potentialAction":[{"@type":"SearchAction","target":{"@type":"EntryPoint","urlTemplate":"https:\/\/didatticainclusione.events.unibz.it\/?s={search_term_string}"},"query-input":{"@type":"PropertyValueSpecification","valueRequired":true,"valueName":"search_term_string"}}],"inLanguage":"en-US"}]}},"_links":{"self":[{"href":"https:\/\/didatticainclusione.events.unibz.it\/index.php?rest_route=\/wp\/v2\/pages\/919","targetHints":{"allow":["GET"]}}],"collection":[{"href":"https:\/\/didatticainclusione.events.unibz.it\/index.php?rest_route=\/wp\/v2\/pages"}],"about":[{"href":"https:\/\/didatticainclusione.events.unibz.it\/index.php?rest_route=\/wp\/v2\/types\/page"}],"author":[{"embeddable":true,"href":"https:\/\/didatticainclusione.events.unibz.it\/index.php?rest_route=\/wp\/v2\/users\/6"}],"replies":[{"embeddable":true,"href":"https:\/\/didatticainclusione.events.unibz.it\/index.php?rest_route=%2Fwp%2Fv2%2Fcomments&post=919"}],"version-history":[{"count":11,"href":"https:\/\/didatticainclusione.events.unibz.it\/index.php?rest_route=\/wp\/v2\/pages\/919\/revisions"}],"predecessor-version":[{"id":1266,"href":"https:\/\/didatticainclusione.events.unibz.it\/index.php?rest_route=\/wp\/v2\/pages\/919\/revisions\/1266"}],"wp:featuredmedia":[{"embeddable":true,"href":"https:\/\/didatticainclusione.events.unibz.it\/index.php?rest_route=\/wp\/v2\/media\/980"}],"wp:attachment":[{"href":"https:\/\/didatticainclusione.events.unibz.it\/index.php?rest_route=%2Fwp%2Fv2%2Fmedia&parent=919"}],"curies":[{"name":"wp","href":"https:\/\/api.w.org\/{rel}","templated":true}]}}