{"id":912,"date":"2022-11-14T11:44:41","date_gmt":"2022-11-14T11:44:41","guid":{"rendered":"https:\/\/didatticainclusione.events.unibz.it\/?page_id=912"},"modified":"2024-03-06T09:27:58","modified_gmt":"2024-03-06T09:27:58","slug":"il-convegno-2023","status":"publish","type":"page","link":"https:\/\/didatticainclusione.events.unibz.it\/?page_id=912","title":{"rendered":"Il convegno 2023"},"content":{"rendered":"\n<h2 class=\"wp-block-heading has-text-align-center\"><mark style=\"background-color:rgba(0, 0, 0, 0);color:#c5804e\" class=\"has-inline-color\"><strong>DIDATTICA E INCLUSIONE SCOLASTICA<\/strong><\/mark><\/h2>\n\n\n\n<h2 class=\"wp-block-heading has-text-align-center\"><mark style=\"background-color:rgba(0, 0, 0, 0);color:#c5804e\" class=\"has-inline-color\"><strong>INKLUSION IM BILDUNGSBEREICH<\/strong><\/mark><\/h2>\n\n\n\n<h2 class=\"wp-block-heading has-text-align-center\"><mark style=\"background-color:rgba(0, 0, 0, 0);color:#c5804e\" class=\"has-inline-color\"><strong>Vernetzt: costruire comunit\u00e0<\/strong><\/mark><\/h2>\n\n\n\n<p class=\"has-text-align-center\"><mark style=\"background-color:rgba(0, 0, 0, 0);color:#c5804e\" class=\"has-inline-color\">3-4.3.2023 Bressanone-Brixen <\/mark><\/p>\n\n\n\n<figure class=\"wp-block-pullquote\"><blockquote><p><\/p><cite><em>Ho imparato che il problema degli altri \u00e8 uguale al mio. Sortirne insieme \u00e8 la politica, sortirne soli \u00e8 l\u2019avarizia<\/em> (don Lorenzo Milani) <br><br><em>Ein WIR entsteht \u00fcberall dort, wo Menschen sich m\u00f6gen. Es gibt also ziemlich viele WIR und jedes sieht ein bisschen anders aus. Eines haben sie aber alle gemeinsam: Sie sind sehr wertvoll<\/em> (Aus \u201eDas kleine Wir\u201c von Daniela Kunkel)<\/cite><\/blockquote><\/figure>\n\n\n\n<p>Collaborazione, dialogo, fiducia e partecipazione danno linfa all\u2019educazione. E oggi pi\u00f9 che mai sono le dimensioni della comunit\u00e0 e della rete che ci possono sostenere nel prenderci cura, insieme e con speranza, dello sviluppo delle nostre scuole, dall\u2019infanzia fino alla secondaria di II grado. Insieme perch\u00e9 le sfide sono complesse e richiedono pi\u00f9 sguardi, pi\u00f9 professionalit\u00e0. Insieme perch\u00e9 vi sia spazio per la forza e la vulnerabilit\u00e0 di ognuno ed ognuna di noi. Insieme perch\u00e9 collaborando possiamo far crescere quei semi che questo tempo mostra: le nuove tecnologie per comunicare e apprendere, la resistenza delle persone e dei loro contesti di vita quando trovano forme per unirsi e sostenersi, la consapevolezza, soprattutto delle ragazze e dei ragazzi, del valore dell\u2019ambiente, il potenziale di spazi e tempi plurali e flessibili anche in educazione, ma anche l\u2019importanza di certe routine e di alcune stabilit\u00e0.<\/p>\n\n\n\n<p>Sulla base di queste premesse, il convegno \u201cDidattica e inclusione scolastica. Inklusion im Bildungsbereich\u201d, promosso e organizzato dal Centro di Competenza per l\u2019Inclusione Scolastica della Libera Universit\u00e0 di Bolzano e giunto ormai alla sua ottava edizione, ritorna interamente in presenza, arricchito da una versione online accessibile anche alle persone che non potranno essere fisicamente con noi. Il luogo e la data scelti per la prossima edizione hanno un significato particolare. Il convegno riparte in presenza da dove tutto ha avuto inizio nel 2010 con la prima edizione, la sede della Facolt\u00e0 di Scienze della Formazione di Bressanone. La sede geografica cos\u00ec a nord e di confine, insieme al programma bilingue (italiano e tedesco), segna il desiderio di essere ponte fra la cultura di lingua tedesca e quella di lingua italiana nell\u2019ambito dell\u2019inclusione scolastica. &nbsp;Infine, ci incontreremo proprio nel mese di marzo 2023, esattamente a tre anni di distanza dal primo lockdown che ha spiazzato paesi, citt\u00e0, regioni e nazioni, ovvero intere comunit\u00e0 dalle quali \u00e8 necessario ripartire.<\/p>\n\n\n\n<p>Insegnanti, professionisti dell\u2019educazione, ricercatrici e ricercatori, nello spazio del convegno possono condividere e diffondere le pi\u00f9 innovative ricerche e pratiche didattiche che contribuiscano alla realizzazione dell\u2019inclusione scolastica di qualit\u00e0, in un\u2019alternanza di relazioni plenarie, approfondimenti e laboratori paralleli, workshop con paper di ricerca e buone prassi. Insieme, l\u2019inclusione \u00e8 possibile!<\/p>\n\n\n\n<div style=\"height:25px\" aria-hidden=\"true\" class=\"wp-block-spacer\"><\/div>\n\n\n\n<p><strong>Il convegno si terr\u00e0 a Bressanone nei giorni 3 e 4 marzo 2023<\/strong> con la seguente struttura:<\/p>\n\n\n\n<ul class=\"wp-block-list\">\n<li>la plenaria di apertura, gli approfondimenti e i laboratori paralleli nel pomeriggio di venerd\u00ec 3;<\/li>\n\n\n\n<li>le presentazioni parallele con paper di buone prassi e di ricerca nella mattinata di sabato 4;<\/li>\n\n\n\n<li>la plenaria di chiusura nel pomeriggio di sabato 4.<\/li>\n<\/ul>\n\n\n\n<p><\/p>\n\n\n\n<div style=\"height:100px\" aria-hidden=\"true\" class=\"wp-block-spacer\"><\/div>\n\n\n\n<p class=\"has-text-align-right\">Evento a cura del <a href=\"https:\/\/www.unibz.it\/it\/home\/research\/competence-center-school-inclusion\/\">Centro di Competenza per l\u2019Inclusione Scolastica della Libera Universit\u00e0 di Bolzano<\/a>:<\/p>\n\n\n\n<p class=\"has-text-align-right\">Petra Auer, Rosa Bellacicco, Silver Cappello, Heidrun Demo, Enrico Angelo Emili, Anna Frizzarin, Dario Ianes, Vanessa Macchia, Simone Seitz<\/p>\n\n\n\n<p class=\"has-text-align-right\">Per il programma: Heidrun Demo, Simone Seitz, Vanessa Macchia e Silver Cappello <\/p>\n\n\n\n<p class=\"has-text-align-right\">Per l\u2019organizzazione: Silver Cappello<\/p>\n\n\n\n<p class=\"has-text-align-right\"><\/p>\n\n\n\n<p class=\"has-text-align-right\"><\/p>\n","protected":false},"excerpt":{"rendered":"<p>DIDATTICA E INCLUSIONE SCOLASTICA INKLUSION IM BILDUNGSBEREICH Vernetzt: costruire comunit\u00e0 3-4.3.2023 Bressanone-Brixen Ho imparato che il problema degli altri \u00e8 uguale al mio. Sortirne insieme \u00e8 la politica, sortirne soli \u00e8 l\u2019avarizia (don Lorenzo Milani) Ein WIR entsteht \u00fcberall dort, wo Menschen sich m\u00f6gen. Es gibt also ziemlich viele WIR [&hellip;]<\/p>\n","protected":false},"author":6,"featured_media":1036,"parent":0,"menu_order":0,"comment_status":"closed","ping_status":"closed","template":"","meta":{"footnotes":""},"class_list":["post-912","page","type-page","status-publish","has-post-thumbnail","hentry"],"yoast_head":"<!-- This site is optimized with the Yoast SEO plugin v27.3 - https:\/\/yoast.com\/product\/yoast-seo-wordpress\/ -->\n<title>Il convegno 2023 - Didattica e inclusione scolastica<\/title>\n<meta name=\"robots\" content=\"index, follow, max-snippet:-1, max-image-preview:large, max-video-preview:-1\" \/>\n<link rel=\"canonical\" href=\"https:\/\/didatticainclusione.events.unibz.it\/?page_id=912\" \/>\n<meta property=\"og:locale\" content=\"en_US\" \/>\n<meta property=\"og:type\" content=\"article\" \/>\n<meta property=\"og:title\" content=\"Il convegno 2023 - Didattica e inclusione scolastica\" \/>\n<meta property=\"og:description\" content=\"DIDATTICA E INCLUSIONE SCOLASTICA INKLUSION IM BILDUNGSBEREICH Vernetzt: costruire comunit\u00e0 3-4.3.2023 Bressanone-Brixen Ho imparato che il problema degli altri \u00e8 uguale al mio. Sortirne insieme \u00e8 la politica, sortirne soli \u00e8 l\u2019avarizia (don Lorenzo Milani) Ein WIR entsteht \u00fcberall dort, wo Menschen sich m\u00f6gen. Es gibt also ziemlich viele WIR [&hellip;]\" \/>\n<meta property=\"og:url\" content=\"https:\/\/didatticainclusione.events.unibz.it\/?page_id=912\" \/>\n<meta property=\"og:site_name\" content=\"Didattica e inclusione scolastica\" \/>\n<meta property=\"article:modified_time\" content=\"2024-03-06T09:27:58+00:00\" \/>\n<meta property=\"og:image\" content=\"http:\/\/didatticainclusione.events.unibz.it\/wp-content\/uploads\/2022\/12\/Didattica-e-Inclusione-Scolastica.-Inklusion-im-Bildungsbereich.jpg\" \/>\n\t<meta property=\"og:image:width\" content=\"1920\" \/>\n\t<meta property=\"og:image:height\" content=\"1080\" \/>\n\t<meta property=\"og:image:type\" content=\"image\/jpeg\" \/>\n<meta name=\"twitter:card\" content=\"summary_large_image\" \/>\n<meta name=\"twitter:label1\" content=\"Est. reading time\" \/>\n\t<meta name=\"twitter:data1\" content=\"3 minutes\" \/>\n<script type=\"application\/ld+json\" class=\"yoast-schema-graph\">{\"@context\":\"https:\\\/\\\/schema.org\",\"@graph\":[{\"@type\":\"WebPage\",\"@id\":\"https:\\\/\\\/didatticainclusione.events.unibz.it\\\/?page_id=912\",\"url\":\"https:\\\/\\\/didatticainclusione.events.unibz.it\\\/?page_id=912\",\"name\":\"Il convegno 2023 - Didattica e inclusione scolastica\",\"isPartOf\":{\"@id\":\"https:\\\/\\\/didatticainclusione.events.unibz.it\\\/#website\"},\"primaryImageOfPage\":{\"@id\":\"https:\\\/\\\/didatticainclusione.events.unibz.it\\\/?page_id=912#primaryimage\"},\"image\":{\"@id\":\"https:\\\/\\\/didatticainclusione.events.unibz.it\\\/?page_id=912#primaryimage\"},\"thumbnailUrl\":\"https:\\\/\\\/didatticainclusione.events.unibz.it\\\/wp-content\\\/uploads\\\/2022\\\/12\\\/Didattica-e-Inclusione-Scolastica.-Inklusion-im-Bildungsbereich.jpg\",\"datePublished\":\"2022-11-14T11:44:41+00:00\",\"dateModified\":\"2024-03-06T09:27:58+00:00\",\"breadcrumb\":{\"@id\":\"https:\\\/\\\/didatticainclusione.events.unibz.it\\\/?page_id=912#breadcrumb\"},\"inLanguage\":\"en-US\",\"potentialAction\":[{\"@type\":\"ReadAction\",\"target\":[\"https:\\\/\\\/didatticainclusione.events.unibz.it\\\/?page_id=912\"]}]},{\"@type\":\"ImageObject\",\"inLanguage\":\"en-US\",\"@id\":\"https:\\\/\\\/didatticainclusione.events.unibz.it\\\/?page_id=912#primaryimage\",\"url\":\"https:\\\/\\\/didatticainclusione.events.unibz.it\\\/wp-content\\\/uploads\\\/2022\\\/12\\\/Didattica-e-Inclusione-Scolastica.-Inklusion-im-Bildungsbereich.jpg\",\"contentUrl\":\"https:\\\/\\\/didatticainclusione.events.unibz.it\\\/wp-content\\\/uploads\\\/2022\\\/12\\\/Didattica-e-Inclusione-Scolastica.-Inklusion-im-Bildungsbereich.jpg\",\"width\":1920,\"height\":1080},{\"@type\":\"BreadcrumbList\",\"@id\":\"https:\\\/\\\/didatticainclusione.events.unibz.it\\\/?page_id=912#breadcrumb\",\"itemListElement\":[{\"@type\":\"ListItem\",\"position\":1,\"name\":\"Home\",\"item\":\"https:\\\/\\\/didatticainclusione.events.unibz.it\\\/\"},{\"@type\":\"ListItem\",\"position\":2,\"name\":\"Il convegno 2023\"}]},{\"@type\":\"WebSite\",\"@id\":\"https:\\\/\\\/didatticainclusione.events.unibz.it\\\/#website\",\"url\":\"https:\\\/\\\/didatticainclusione.events.unibz.it\\\/\",\"name\":\"Didattica e inclusione scolastica\",\"description\":\"Just another WordPress site\",\"potentialAction\":[{\"@type\":\"SearchAction\",\"target\":{\"@type\":\"EntryPoint\",\"urlTemplate\":\"https:\\\/\\\/didatticainclusione.events.unibz.it\\\/?s={search_term_string}\"},\"query-input\":{\"@type\":\"PropertyValueSpecification\",\"valueRequired\":true,\"valueName\":\"search_term_string\"}}],\"inLanguage\":\"en-US\"}]}<\/script>\n<!-- \/ Yoast SEO plugin. -->","yoast_head_json":{"title":"Il convegno 2023 - Didattica e inclusione scolastica","robots":{"index":"index","follow":"follow","max-snippet":"max-snippet:-1","max-image-preview":"max-image-preview:large","max-video-preview":"max-video-preview:-1"},"canonical":"https:\/\/didatticainclusione.events.unibz.it\/?page_id=912","og_locale":"en_US","og_type":"article","og_title":"Il convegno 2023 - Didattica e inclusione scolastica","og_description":"DIDATTICA E INCLUSIONE SCOLASTICA INKLUSION IM BILDUNGSBEREICH Vernetzt: costruire comunit\u00e0 3-4.3.2023 Bressanone-Brixen Ho imparato che il problema degli altri \u00e8 uguale al mio. Sortirne insieme \u00e8 la politica, sortirne soli \u00e8 l\u2019avarizia (don Lorenzo Milani) Ein WIR entsteht \u00fcberall dort, wo Menschen sich m\u00f6gen. Es gibt also ziemlich viele WIR [&hellip;]","og_url":"https:\/\/didatticainclusione.events.unibz.it\/?page_id=912","og_site_name":"Didattica e inclusione scolastica","article_modified_time":"2024-03-06T09:27:58+00:00","og_image":[{"width":1920,"height":1080,"url":"http:\/\/didatticainclusione.events.unibz.it\/wp-content\/uploads\/2022\/12\/Didattica-e-Inclusione-Scolastica.-Inklusion-im-Bildungsbereich.jpg","type":"image\/jpeg"}],"twitter_card":"summary_large_image","twitter_misc":{"Est. reading time":"3 minutes"},"schema":{"@context":"https:\/\/schema.org","@graph":[{"@type":"WebPage","@id":"https:\/\/didatticainclusione.events.unibz.it\/?page_id=912","url":"https:\/\/didatticainclusione.events.unibz.it\/?page_id=912","name":"Il convegno 2023 - Didattica e inclusione scolastica","isPartOf":{"@id":"https:\/\/didatticainclusione.events.unibz.it\/#website"},"primaryImageOfPage":{"@id":"https:\/\/didatticainclusione.events.unibz.it\/?page_id=912#primaryimage"},"image":{"@id":"https:\/\/didatticainclusione.events.unibz.it\/?page_id=912#primaryimage"},"thumbnailUrl":"https:\/\/didatticainclusione.events.unibz.it\/wp-content\/uploads\/2022\/12\/Didattica-e-Inclusione-Scolastica.-Inklusion-im-Bildungsbereich.jpg","datePublished":"2022-11-14T11:44:41+00:00","dateModified":"2024-03-06T09:27:58+00:00","breadcrumb":{"@id":"https:\/\/didatticainclusione.events.unibz.it\/?page_id=912#breadcrumb"},"inLanguage":"en-US","potentialAction":[{"@type":"ReadAction","target":["https:\/\/didatticainclusione.events.unibz.it\/?page_id=912"]}]},{"@type":"ImageObject","inLanguage":"en-US","@id":"https:\/\/didatticainclusione.events.unibz.it\/?page_id=912#primaryimage","url":"https:\/\/didatticainclusione.events.unibz.it\/wp-content\/uploads\/2022\/12\/Didattica-e-Inclusione-Scolastica.-Inklusion-im-Bildungsbereich.jpg","contentUrl":"https:\/\/didatticainclusione.events.unibz.it\/wp-content\/uploads\/2022\/12\/Didattica-e-Inclusione-Scolastica.-Inklusion-im-Bildungsbereich.jpg","width":1920,"height":1080},{"@type":"BreadcrumbList","@id":"https:\/\/didatticainclusione.events.unibz.it\/?page_id=912#breadcrumb","itemListElement":[{"@type":"ListItem","position":1,"name":"Home","item":"https:\/\/didatticainclusione.events.unibz.it\/"},{"@type":"ListItem","position":2,"name":"Il convegno 2023"}]},{"@type":"WebSite","@id":"https:\/\/didatticainclusione.events.unibz.it\/#website","url":"https:\/\/didatticainclusione.events.unibz.it\/","name":"Didattica e inclusione scolastica","description":"Just another WordPress site","potentialAction":[{"@type":"SearchAction","target":{"@type":"EntryPoint","urlTemplate":"https:\/\/didatticainclusione.events.unibz.it\/?s={search_term_string}"},"query-input":{"@type":"PropertyValueSpecification","valueRequired":true,"valueName":"search_term_string"}}],"inLanguage":"en-US"}]}},"_links":{"self":[{"href":"https:\/\/didatticainclusione.events.unibz.it\/index.php?rest_route=\/wp\/v2\/pages\/912","targetHints":{"allow":["GET"]}}],"collection":[{"href":"https:\/\/didatticainclusione.events.unibz.it\/index.php?rest_route=\/wp\/v2\/pages"}],"about":[{"href":"https:\/\/didatticainclusione.events.unibz.it\/index.php?rest_route=\/wp\/v2\/types\/page"}],"author":[{"embeddable":true,"href":"https:\/\/didatticainclusione.events.unibz.it\/index.php?rest_route=\/wp\/v2\/users\/6"}],"replies":[{"embeddable":true,"href":"https:\/\/didatticainclusione.events.unibz.it\/index.php?rest_route=%2Fwp%2Fv2%2Fcomments&post=912"}],"version-history":[{"count":14,"href":"https:\/\/didatticainclusione.events.unibz.it\/index.php?rest_route=\/wp\/v2\/pages\/912\/revisions"}],"predecessor-version":[{"id":1267,"href":"https:\/\/didatticainclusione.events.unibz.it\/index.php?rest_route=\/wp\/v2\/pages\/912\/revisions\/1267"}],"wp:featuredmedia":[{"embeddable":true,"href":"https:\/\/didatticainclusione.events.unibz.it\/index.php?rest_route=\/wp\/v2\/media\/1036"}],"wp:attachment":[{"href":"https:\/\/didatticainclusione.events.unibz.it\/index.php?rest_route=%2Fwp%2Fv2%2Fmedia&parent=912"}],"curies":[{"name":"wp","href":"https:\/\/api.w.org\/{rel}","templated":true}]}}