{"id":858,"date":"2022-06-22T08:13:05","date_gmt":"2022-06-22T08:13:05","guid":{"rendered":"https:\/\/didatticainclusione.events.unibz.it\/?page_id=858"},"modified":"2022-06-22T08:30:30","modified_gmt":"2022-06-22T08:30:30","slug":"der-tagungsband","status":"publish","type":"page","link":"https:\/\/didatticainclusione.events.unibz.it\/?page_id=858&lang=de","title":{"rendered":"Der Tagungsband"},"content":{"rendered":"\n<h1 class=\"wp-block-heading\">Der Tagungsband<\/h1>\n\n\n\n<h1 class=\"wp-block-heading\">Didattica e inclusione scolastica \u2013 Inklusion im Bildungsbereich<\/h1>\n\n\n\n<h3 class=\"wp-block-heading\">Emergenze educative \u2013 Neue Horizonte <\/h3>\n\n\n\n<div style=\"height:50px\" aria-hidden=\"true\" class=\"wp-block-spacer\"><\/div>\n\n\n\n<h4 class=\"wp-block-heading\">Herausgegeben von Heidrun Demo, Silver Cappello, Vanessa Macchia (2022)<\/h4>\n\n\n\n<h4 class=\"wp-block-heading\">Kompetenzzentrum Inklusion im Bildungsbereich.&nbsp;Freie Universit\u00e4t Bozen, bu,press<\/h4>\n\n\n\n<div style=\"height:50px\" aria-hidden=\"true\" class=\"wp-block-spacer\"><\/div>\n\n\n\n<p>Die Ungleichheiten im Bildungsbereich, die auch durch die Pandemie zutage getreten sind, verdeutlichen die Notwendigkeit von Alternativen und neuen Horizonten. Die siebte Ausgabe der Tagungsreihe \u201eDidattica e Inclusione Scolastica \u2013 Inklusion im Bildungsbereich\u201c, welche erstmals unter der Leitung des Kompetenzzentrums f\u00fcr Inklusion im Bildungsbereich der Freien Universit\u00e4t Bozen veranstaltet wurde, bot einen Raum zur Auseinandersetzung mit den Priorit\u00e4ten einer gerechten und inklusiven Bildung in dieser Zeit. Dieser Band er\u00f6ffnet einen Dialog \u00fcber inklusive Didaktik, der durch seine mehrsprachige und interkulturelle Ausrichtung eine Br\u00fccke zwischen deutsch- und italienischsprachigen Traditionen schl\u00e4gt. Die zw\u00f6lf Beitr\u00e4ge erschlie\u00dfen aus unterschiedlichen Blickwinkeln theoretische Bez\u00fcge, Methoden und Instrumente f\u00fcr die Entwicklung einer inklusiven Schule mit besonderem Augenmerk auf die Didaktik.<\/p>\n\n\n\n<p>OPEN ACCESS: <a href=\"https:\/\/bupress.unibz.it\/produkt\/didattica-e-inclusione-scolastica-inklusion-im-bildungsbereich\/\">https:\/\/bupress.unibz.it\/produkt\/didattica-e-inclusione-scolastica-inklusion-im-bildungsbereich\/<\/a><\/p>\n","protected":false},"excerpt":{"rendered":"<p>Der Tagungsband Didattica e inclusione scolastica \u2013 Inklusion im Bildungsbereich Emergenze educative \u2013 Neue Horizonte Herausgegeben von Heidrun Demo, Silver Cappello, Vanessa Macchia (2022) Kompetenzzentrum Inklusion im Bildungsbereich.&nbsp;Freie Universit\u00e4t Bozen, bu,press Die Ungleichheiten im Bildungsbereich, die auch durch die Pandemie zutage getreten sind, verdeutlichen die Notwendigkeit von Alternativen und neuen [&hellip;]<\/p>\n","protected":false},"author":6,"featured_media":692,"parent":0,"menu_order":0,"comment_status":"closed","ping_status":"closed","template":"","meta":{"footnotes":""},"class_list":["post-858","page","type-page","status-publish","has-post-thumbnail","hentry"],"yoast_head":"<!-- This site is optimized with the Yoast SEO plugin v27.5 - https:\/\/yoast.com\/product\/yoast-seo-wordpress\/ -->\n<title>Der Tagungsband - Didattica e inclusione scolastica<\/title>\n<meta name=\"robots\" content=\"index, follow, max-snippet:-1, max-image-preview:large, max-video-preview:-1\" \/>\n<link rel=\"canonical\" href=\"https:\/\/didatticainclusione.events.unibz.it\/?page_id=858&lang=de\" \/>\n<meta property=\"og:locale\" content=\"en_US\" \/>\n<meta property=\"og:type\" content=\"article\" \/>\n<meta property=\"og:title\" content=\"Der Tagungsband - Didattica e inclusione scolastica\" \/>\n<meta property=\"og:description\" content=\"Der Tagungsband Didattica e inclusione scolastica \u2013 Inklusion im Bildungsbereich Emergenze educative \u2013 Neue Horizonte Herausgegeben von Heidrun Demo, Silver Cappello, Vanessa Macchia (2022) Kompetenzzentrum Inklusion im Bildungsbereich.&nbsp;Freie Universit\u00e4t Bozen, bu,press Die Ungleichheiten im Bildungsbereich, die auch durch die Pandemie zutage getreten sind, verdeutlichen die Notwendigkeit von Alternativen und neuen [&hellip;]\" \/>\n<meta property=\"og:url\" content=\"https:\/\/didatticainclusione.events.unibz.it\/?page_id=858&amp;lang=de\" \/>\n<meta property=\"og:site_name\" content=\"Didattica e inclusione scolastica\" \/>\n<meta property=\"article:modified_time\" content=\"2022-06-22T08:30:30+00:00\" \/>\n<meta property=\"og:image\" content=\"http:\/\/didatticainclusione.events.unibz.it\/wp-content\/uploads\/2021\/10\/2021-04-14_DIS_RGB_4-scaled.jpg\" \/>\n\t<meta property=\"og:image:width\" content=\"2560\" \/>\n\t<meta property=\"og:image:height\" content=\"1707\" \/>\n\t<meta property=\"og:image:type\" content=\"image\/jpeg\" \/>\n<meta name=\"twitter:card\" content=\"summary_large_image\" \/>\n<meta name=\"twitter:label1\" content=\"Est. reading time\" \/>\n\t<meta name=\"twitter:data1\" content=\"1 minute\" \/>\n<script type=\"application\/ld+json\" class=\"yoast-schema-graph\">{\"@context\":\"https:\\\/\\\/schema.org\",\"@graph\":[{\"@type\":\"WebPage\",\"@id\":\"https:\\\/\\\/didatticainclusione.events.unibz.it\\\/?page_id=858&lang=de\",\"url\":\"https:\\\/\\\/didatticainclusione.events.unibz.it\\\/?page_id=858&lang=de\",\"name\":\"Der Tagungsband - Didattica e inclusione scolastica\",\"isPartOf\":{\"@id\":\"https:\\\/\\\/didatticainclusione.events.unibz.it\\\/#website\"},\"primaryImageOfPage\":{\"@id\":\"https:\\\/\\\/didatticainclusione.events.unibz.it\\\/?page_id=858&lang=de#primaryimage\"},\"image\":{\"@id\":\"https:\\\/\\\/didatticainclusione.events.unibz.it\\\/?page_id=858&lang=de#primaryimage\"},\"thumbnailUrl\":\"https:\\\/\\\/didatticainclusione.events.unibz.it\\\/wp-content\\\/uploads\\\/2021\\\/10\\\/2021-04-14_DIS_RGB_4-scaled.jpg\",\"datePublished\":\"2022-06-22T08:13:05+00:00\",\"dateModified\":\"2022-06-22T08:30:30+00:00\",\"breadcrumb\":{\"@id\":\"https:\\\/\\\/didatticainclusione.events.unibz.it\\\/?page_id=858&lang=de#breadcrumb\"},\"inLanguage\":\"en-US\",\"potentialAction\":[{\"@type\":\"ReadAction\",\"target\":[\"https:\\\/\\\/didatticainclusione.events.unibz.it\\\/?page_id=858&lang=de\"]}]},{\"@type\":\"ImageObject\",\"inLanguage\":\"en-US\",\"@id\":\"https:\\\/\\\/didatticainclusione.events.unibz.it\\\/?page_id=858&lang=de#primaryimage\",\"url\":\"https:\\\/\\\/didatticainclusione.events.unibz.it\\\/wp-content\\\/uploads\\\/2021\\\/10\\\/2021-04-14_DIS_RGB_4-scaled.jpg\",\"contentUrl\":\"https:\\\/\\\/didatticainclusione.events.unibz.it\\\/wp-content\\\/uploads\\\/2021\\\/10\\\/2021-04-14_DIS_RGB_4-scaled.jpg\",\"width\":2560,\"height\":1707},{\"@type\":\"BreadcrumbList\",\"@id\":\"https:\\\/\\\/didatticainclusione.events.unibz.it\\\/?page_id=858&lang=de#breadcrumb\",\"itemListElement\":[{\"@type\":\"ListItem\",\"position\":1,\"name\":\"Home\",\"item\":\"https:\\\/\\\/didatticainclusione.events.unibz.it\\\/\"},{\"@type\":\"ListItem\",\"position\":2,\"name\":\"Der Tagungsband\"}]},{\"@type\":\"WebSite\",\"@id\":\"https:\\\/\\\/didatticainclusione.events.unibz.it\\\/#website\",\"url\":\"https:\\\/\\\/didatticainclusione.events.unibz.it\\\/\",\"name\":\"Didattica e inclusione scolastica\",\"description\":\"Just another WordPress site\",\"potentialAction\":[{\"@type\":\"SearchAction\",\"target\":{\"@type\":\"EntryPoint\",\"urlTemplate\":\"https:\\\/\\\/didatticainclusione.events.unibz.it\\\/?s={search_term_string}\"},\"query-input\":{\"@type\":\"PropertyValueSpecification\",\"valueRequired\":true,\"valueName\":\"search_term_string\"}}],\"inLanguage\":\"en-US\"}]}<\/script>\n<!-- \/ Yoast SEO plugin. -->","yoast_head_json":{"title":"Der Tagungsband - Didattica e inclusione scolastica","robots":{"index":"index","follow":"follow","max-snippet":"max-snippet:-1","max-image-preview":"max-image-preview:large","max-video-preview":"max-video-preview:-1"},"canonical":"https:\/\/didatticainclusione.events.unibz.it\/?page_id=858&lang=de","og_locale":"en_US","og_type":"article","og_title":"Der Tagungsband - Didattica e inclusione scolastica","og_description":"Der Tagungsband Didattica e inclusione scolastica \u2013 Inklusion im Bildungsbereich Emergenze educative \u2013 Neue Horizonte Herausgegeben von Heidrun Demo, Silver Cappello, Vanessa Macchia (2022) Kompetenzzentrum Inklusion im Bildungsbereich.&nbsp;Freie Universit\u00e4t Bozen, bu,press Die Ungleichheiten im Bildungsbereich, die auch durch die Pandemie zutage getreten sind, verdeutlichen die Notwendigkeit von Alternativen und neuen [&hellip;]","og_url":"https:\/\/didatticainclusione.events.unibz.it\/?page_id=858&lang=de","og_site_name":"Didattica e inclusione scolastica","article_modified_time":"2022-06-22T08:30:30+00:00","og_image":[{"width":2560,"height":1707,"url":"http:\/\/didatticainclusione.events.unibz.it\/wp-content\/uploads\/2021\/10\/2021-04-14_DIS_RGB_4-scaled.jpg","type":"image\/jpeg"}],"twitter_card":"summary_large_image","twitter_misc":{"Est. reading time":"1 minute"},"schema":{"@context":"https:\/\/schema.org","@graph":[{"@type":"WebPage","@id":"https:\/\/didatticainclusione.events.unibz.it\/?page_id=858&lang=de","url":"https:\/\/didatticainclusione.events.unibz.it\/?page_id=858&lang=de","name":"Der Tagungsband - Didattica e inclusione scolastica","isPartOf":{"@id":"https:\/\/didatticainclusione.events.unibz.it\/#website"},"primaryImageOfPage":{"@id":"https:\/\/didatticainclusione.events.unibz.it\/?page_id=858&lang=de#primaryimage"},"image":{"@id":"https:\/\/didatticainclusione.events.unibz.it\/?page_id=858&lang=de#primaryimage"},"thumbnailUrl":"https:\/\/didatticainclusione.events.unibz.it\/wp-content\/uploads\/2021\/10\/2021-04-14_DIS_RGB_4-scaled.jpg","datePublished":"2022-06-22T08:13:05+00:00","dateModified":"2022-06-22T08:30:30+00:00","breadcrumb":{"@id":"https:\/\/didatticainclusione.events.unibz.it\/?page_id=858&lang=de#breadcrumb"},"inLanguage":"en-US","potentialAction":[{"@type":"ReadAction","target":["https:\/\/didatticainclusione.events.unibz.it\/?page_id=858&lang=de"]}]},{"@type":"ImageObject","inLanguage":"en-US","@id":"https:\/\/didatticainclusione.events.unibz.it\/?page_id=858&lang=de#primaryimage","url":"https:\/\/didatticainclusione.events.unibz.it\/wp-content\/uploads\/2021\/10\/2021-04-14_DIS_RGB_4-scaled.jpg","contentUrl":"https:\/\/didatticainclusione.events.unibz.it\/wp-content\/uploads\/2021\/10\/2021-04-14_DIS_RGB_4-scaled.jpg","width":2560,"height":1707},{"@type":"BreadcrumbList","@id":"https:\/\/didatticainclusione.events.unibz.it\/?page_id=858&lang=de#breadcrumb","itemListElement":[{"@type":"ListItem","position":1,"name":"Home","item":"https:\/\/didatticainclusione.events.unibz.it\/"},{"@type":"ListItem","position":2,"name":"Der Tagungsband"}]},{"@type":"WebSite","@id":"https:\/\/didatticainclusione.events.unibz.it\/#website","url":"https:\/\/didatticainclusione.events.unibz.it\/","name":"Didattica e inclusione scolastica","description":"Just another WordPress site","potentialAction":[{"@type":"SearchAction","target":{"@type":"EntryPoint","urlTemplate":"https:\/\/didatticainclusione.events.unibz.it\/?s={search_term_string}"},"query-input":{"@type":"PropertyValueSpecification","valueRequired":true,"valueName":"search_term_string"}}],"inLanguage":"en-US"}]}},"_links":{"self":[{"href":"https:\/\/didatticainclusione.events.unibz.it\/index.php?rest_route=\/wp\/v2\/pages\/858","targetHints":{"allow":["GET"]}}],"collection":[{"href":"https:\/\/didatticainclusione.events.unibz.it\/index.php?rest_route=\/wp\/v2\/pages"}],"about":[{"href":"https:\/\/didatticainclusione.events.unibz.it\/index.php?rest_route=\/wp\/v2\/types\/page"}],"author":[{"embeddable":true,"href":"https:\/\/didatticainclusione.events.unibz.it\/index.php?rest_route=\/wp\/v2\/users\/6"}],"replies":[{"embeddable":true,"href":"https:\/\/didatticainclusione.events.unibz.it\/index.php?rest_route=%2Fwp%2Fv2%2Fcomments&post=858"}],"version-history":[{"count":6,"href":"https:\/\/didatticainclusione.events.unibz.it\/index.php?rest_route=\/wp\/v2\/pages\/858\/revisions"}],"predecessor-version":[{"id":876,"href":"https:\/\/didatticainclusione.events.unibz.it\/index.php?rest_route=\/wp\/v2\/pages\/858\/revisions\/876"}],"wp:featuredmedia":[{"embeddable":true,"href":"https:\/\/didatticainclusione.events.unibz.it\/index.php?rest_route=\/wp\/v2\/media\/692"}],"wp:attachment":[{"href":"https:\/\/didatticainclusione.events.unibz.it\/index.php?rest_route=%2Fwp%2Fv2%2Fmedia&parent=858"}],"curies":[{"name":"wp","href":"https:\/\/api.w.org\/{rel}","templated":true}]}}