{"id":539,"date":"2021-09-06T09:46:57","date_gmt":"2021-09-06T09:46:57","guid":{"rendered":"https:\/\/didatticainclusione.events.unibz.it\/?page_id=539"},"modified":"2021-10-29T17:19:45","modified_gmt":"2021-10-29T17:19:45","slug":"ihre-teilnahme","status":"publish","type":"page","link":"https:\/\/didatticainclusione.events.unibz.it\/?page_id=539&lang=de","title":{"rendered":"Ihre Teilnahme an der Konferenz"},"content":{"rendered":"\n<p><br>Die Konferenz findet online statt. Die Links zur Teilnahme werden mit der Anmeldebest\u00e4tigung per E-Mail zugesandt.<\/p>\n\n\n\n<h2 class=\"wp-block-heading\">Teilnahmegeb\u00fchr<\/h2>\n\n\n\n<p>Die Teilnahmegeb\u00fchr berechtigt Sie zur Teilnahme an allen drei Tage und zum Konferenzband.<br><\/p>\n\n\n\n<p><strong>Regul\u00e4re Teilnehmende<\/strong>: 35 \u20ac. Bitte w\u00e4hlen Sie im Anmeldeformular die Option &#8220;Teilnehmer&#8221;.<br><\/p>\n\n\n\n<p><strong>Teilnehmer\/in mit Dozentenkarte (Carta docente)<\/strong>: 35 \u20ac.<\/p>\n\n\n\n<p><strong>Autor\/Autorin oder Co-Autor\/Co-Autorin an der Konferenz (auch von der Autonomen Provinz Bozen\/S\u00fcdtirol und Trient)<\/strong>: 35 \u20ac<\/p>\n\n\n\n<p><strong>Dozent\/Dozentin oder Leiter\/Leiterin der Autonomen Provinz Bozen\/S\u00fcdtirol und Trient)<\/strong>: kostenlos<\/p>\n\n\n\n<p><strong>Unibz-Mitarbeiter\/-innen mit Unibz-Mitteln<\/strong>: 35 \u20ac nach \u00d6ffnung eines PIS. Die Mitarbeiter\/-innen der unibz werden gebeten, im Anmeldeformular die Option &#8220;Teilnehmer&#8221; zu w\u00e4hlen und in der Zahlungsbest\u00e4tigung die Anzahl des offenen PIS anzugeben.<br><\/p>\n\n\n\n<p><strong>Unibz-Bedienstete ohne Unibz-Mittel<\/strong>: 35 \u20ac. Bitte w\u00e4hlen Sie die Option &#8220;Teilnehmer&#8221;.<br><\/p>\n\n\n\n<p><strong>Unibz-Studierende<\/strong>: kostenlos<br><\/p>\n\n\n\n<p><strong>Unibz-Studierende, die sich f\u00fcr den Konferenzband interessieren<\/strong>: 35 \u20ac. Im Anmeldeformular bitte w\u00e4hlen Sie die Option &#8220;Teilnehmer&#8221;<br><\/p>\n\n\n\n<p><strong>AUSSTELLUNG DER RECHNUNG<\/strong>: Die Rechnungen werden in den Wochen nach der Konferenz verschickt.<\/p>\n\n\n\n<div style=\"height:25px\" aria-hidden=\"true\" class=\"wp-block-spacer\"><\/div>\n\n\n\n<h2 class=\"wp-block-heading\">Carta docente<\/h2>\n\n\n\n<p>F\u00fcr die Anmeldung k\u00f6nnen Sie Ihre Lehrkarte (Carta docente) verwenden. Die Teilnahmegeb\u00fchr betr\u00e4gt 35 \u20ac. Bitte w\u00e4hlen Sie im Online-Anmeldeformular die Option &#8220;Teilnehmer mit Carta docente&#8221;. Bitte senden Sie anschlie\u00dfend eine E-Mail mit dem generierten Code an: <a href=\"mailto:event@unibz.it\">event@unibz.it<\/a>.<\/p>\n\n\n\n<div style=\"height:25px\" aria-hidden=\"true\" class=\"wp-block-spacer\"><\/div>\n\n\n\n<h2 class=\"wp-block-heading\">Bescheinigungen<\/h2>\n\n\n\n<p>Die Teilnahmebest\u00e4tigung dokumentiert die Teilnahme an den Konferenzaktivit\u00e4ten im Umfang von insgesamt 12 Stunden und wird nach Beendigung der Veranstaltung zugesandt.<br>Die Anwesenheitsbescheinigung wird f\u00fcr die von Zoom bescheinigte Anwesenheit f\u00fcr den jeweiligen Account\/Teilnehmenden ausgestellt. F\u00fcr Personen, die nicht \u00fcber ihr eigenes Konto eingeloggt sind, kann keine Anwesenheitsbescheinigung ausgestellt werden. Aus diesem Grund bitten wir Sie, Ihr Zoom-Profil mit Ihrem Vor- und Nachnamen zu benennen.<\/p>\n\n\n\n<p>Die Bescheinigungen werden in den Wochen nach dem Abschluss der Tagung per E-Mail an die einzelnen Teilnehmer*nnen zugesandt.<\/p>\n\n\n\n<div style=\"height:25px\" aria-hidden=\"true\" class=\"wp-block-spacer\"><\/div>\n\n\n\n<h2 class=\"wp-block-heading\">Wissenschaftliche Koordinierung<\/h2>\n\n\n\n<p>Die Veranstaltung wird vom Kompetenzzentrum f\u00fcr Inklusion im Bildungsbereich der Freien Universit\u00e4t Bozen organisiert: <strong>Petra Auer, Rosa Bellacicco, Silver Cappello, Silvia Dell&#8217;Anna, Heidrun Demo, Enrico Angelo Emili, Dario Ianes, Vanessa Macchia, Simone Seitz<\/strong><\/p>\n\n\n\n<div style=\"height:25px\" aria-hidden=\"true\" class=\"wp-block-spacer\"><\/div>\n\n\n\n<h2 class=\"wp-block-heading\">Organisation<\/h2>\n\n\n\n<p><strong>Heidrun Demo, Vanessa Macchia und Silver Cappello<\/strong><br>E-Mail: <a href=\"mailto:inklusioninclusione@unibz.it\">inklusioninclusione@unibz.it<\/a><\/p>\n\n\n\n<h2 class=\"wp-block-heading\">Organisatorische Unterst\u00fctzung<\/h2>\n\n\n\n<p>Biljana Veselinovic, Kompetenzzentrum f\u00fcr Inklusion im Bildungsbereich, Freie Universit\u00e4t Bozen<br>E-Mail: <a href=\"mailto:inklusioninclusione@unibz.it\">inklusioninclusione@unibz.it<\/a><\/p>\n\n\n\n<p>Massimo Eccli, Pressestelle und Veranstaltungsorganisation, Freie Universit\u00e4t Bozen<br>E-Mail: <a href=\"mailto:event@unibz.it\">event@unibz.it<\/a><\/p>\n\n\n\n<h2 class=\"wp-block-heading\">Die Zoom-Plattform<\/h2>\n\n\n\n<p>Die Online-Konferenz wird \u00fcber die Plattform Zoom abgehalten. Nach Ausf\u00fcllen des Online-Anmeldeformulars erhalten die Teilnehmenden eine Best\u00e4tigungs-E-Mail mit den Links zur dreit\u00e4gigen Konferenz.<\/p>\n\n\n\n<p><strong>ACHTUNG: Die Links sind streng pers\u00f6nlich und d\u00fcrfen nicht weitergegeben werden.<\/strong><\/p>\n\n\n\n<p><br>Die Konferenz wird nicht aufgezeichnet.<br>Die Zoom-Software und Updates k\u00f6nnen kostenlos von der folgenden Website heruntergeladen werden: <a href=\"https:\/\/zoom.us\/download\">https:\/\/zoom.us\/download<\/a>.<br>Wir empfehlen die Verwendung des Browsers <a href=\"https:\/\/www.google.com\/chrome\/\">Google Chrome<\/a>.<\/p>\n\n\n\n<p><\/p>\n\n\n\n<p><\/p>\n","protected":false},"excerpt":{"rendered":"<p>Die Konferenz findet online statt. Die Links zur Teilnahme werden mit der Anmeldebest\u00e4tigung per E-Mail zugesandt. Teilnahmegeb\u00fchr Die Teilnahmegeb\u00fchr berechtigt Sie zur Teilnahme an allen drei Tage und zum Konferenzband. Regul\u00e4re Teilnehmende: 35 \u20ac. Bitte w\u00e4hlen Sie im Anmeldeformular die Option &#8220;Teilnehmer&#8221;. Teilnehmer\/in mit Dozentenkarte (Carta docente): 35 \u20ac. Autor\/Autorin [&hellip;]<\/p>\n","protected":false},"author":5,"featured_media":356,"parent":0,"menu_order":0,"comment_status":"closed","ping_status":"closed","template":"","meta":{"footnotes":""},"class_list":["post-539","page","type-page","status-publish","has-post-thumbnail","hentry"],"yoast_head":"<!-- This site is optimized with the Yoast SEO plugin v27.5 - https:\/\/yoast.com\/product\/yoast-seo-wordpress\/ -->\n<title>Ihre Teilnahme an der Konferenz - Didattica e inclusione scolastica<\/title>\n<meta name=\"robots\" content=\"index, follow, max-snippet:-1, max-image-preview:large, max-video-preview:-1\" \/>\n<link rel=\"canonical\" href=\"https:\/\/didatticainclusione.events.unibz.it\/?page_id=539&lang=de\" \/>\n<meta property=\"og:locale\" content=\"en_US\" \/>\n<meta property=\"og:type\" content=\"article\" \/>\n<meta property=\"og:title\" content=\"Ihre Teilnahme an der Konferenz - Didattica e inclusione scolastica\" \/>\n<meta property=\"og:description\" content=\"Die Konferenz findet online statt. Die Links zur Teilnahme werden mit der Anmeldebest\u00e4tigung per E-Mail zugesandt. Teilnahmegeb\u00fchr Die Teilnahmegeb\u00fchr berechtigt Sie zur Teilnahme an allen drei Tage und zum Konferenzband. Regul\u00e4re Teilnehmende: 35 \u20ac. Bitte w\u00e4hlen Sie im Anmeldeformular die Option &#8220;Teilnehmer&#8221;. Teilnehmer\/in mit Dozentenkarte (Carta docente): 35 \u20ac. Autor\/Autorin [&hellip;]\" \/>\n<meta property=\"og:url\" content=\"https:\/\/didatticainclusione.events.unibz.it\/?page_id=539&amp;lang=de\" \/>\n<meta property=\"og:site_name\" content=\"Didattica e inclusione scolastica\" \/>\n<meta property=\"article:modified_time\" content=\"2021-10-29T17:19:45+00:00\" \/>\n<meta property=\"og:image\" content=\"http:\/\/didatticainclusione.events.unibz.it\/wp-content\/uploads\/2021\/04\/2021-04-14_DIS_RGB_4-scaled-e1630922593541.jpg\" \/>\n\t<meta property=\"og:image:width\" content=\"2560\" \/>\n\t<meta property=\"og:image:height\" content=\"1707\" \/>\n\t<meta property=\"og:image:type\" content=\"image\/jpeg\" \/>\n<meta name=\"twitter:card\" content=\"summary_large_image\" \/>\n<meta name=\"twitter:label1\" content=\"Est. reading time\" \/>\n\t<meta name=\"twitter:data1\" content=\"2 minutes\" \/>\n<script type=\"application\/ld+json\" class=\"yoast-schema-graph\">{\"@context\":\"https:\\\/\\\/schema.org\",\"@graph\":[{\"@type\":\"WebPage\",\"@id\":\"https:\\\/\\\/didatticainclusione.events.unibz.it\\\/?page_id=539&lang=de\",\"url\":\"https:\\\/\\\/didatticainclusione.events.unibz.it\\\/?page_id=539&lang=de\",\"name\":\"Ihre Teilnahme an der Konferenz - Didattica e inclusione scolastica\",\"isPartOf\":{\"@id\":\"https:\\\/\\\/didatticainclusione.events.unibz.it\\\/#website\"},\"primaryImageOfPage\":{\"@id\":\"https:\\\/\\\/didatticainclusione.events.unibz.it\\\/?page_id=539&lang=de#primaryimage\"},\"image\":{\"@id\":\"https:\\\/\\\/didatticainclusione.events.unibz.it\\\/?page_id=539&lang=de#primaryimage\"},\"thumbnailUrl\":\"https:\\\/\\\/didatticainclusione.events.unibz.it\\\/wp-content\\\/uploads\\\/2021\\\/04\\\/2021-04-14_DIS_RGB_4-scaled-e1630922593541.jpg\",\"datePublished\":\"2021-09-06T09:46:57+00:00\",\"dateModified\":\"2021-10-29T17:19:45+00:00\",\"breadcrumb\":{\"@id\":\"https:\\\/\\\/didatticainclusione.events.unibz.it\\\/?page_id=539&lang=de#breadcrumb\"},\"inLanguage\":\"en-US\",\"potentialAction\":[{\"@type\":\"ReadAction\",\"target\":[\"https:\\\/\\\/didatticainclusione.events.unibz.it\\\/?page_id=539&lang=de\"]}]},{\"@type\":\"ImageObject\",\"inLanguage\":\"en-US\",\"@id\":\"https:\\\/\\\/didatticainclusione.events.unibz.it\\\/?page_id=539&lang=de#primaryimage\",\"url\":\"https:\\\/\\\/didatticainclusione.events.unibz.it\\\/wp-content\\\/uploads\\\/2021\\\/04\\\/2021-04-14_DIS_RGB_4-scaled-e1630922593541.jpg\",\"contentUrl\":\"https:\\\/\\\/didatticainclusione.events.unibz.it\\\/wp-content\\\/uploads\\\/2021\\\/04\\\/2021-04-14_DIS_RGB_4-scaled-e1630922593541.jpg\",\"width\":2560,\"height\":1707},{\"@type\":\"BreadcrumbList\",\"@id\":\"https:\\\/\\\/didatticainclusione.events.unibz.it\\\/?page_id=539&lang=de#breadcrumb\",\"itemListElement\":[{\"@type\":\"ListItem\",\"position\":1,\"name\":\"Home\",\"item\":\"https:\\\/\\\/didatticainclusione.events.unibz.it\\\/\"},{\"@type\":\"ListItem\",\"position\":2,\"name\":\"Ihre Teilnahme an der Konferenz\"}]},{\"@type\":\"WebSite\",\"@id\":\"https:\\\/\\\/didatticainclusione.events.unibz.it\\\/#website\",\"url\":\"https:\\\/\\\/didatticainclusione.events.unibz.it\\\/\",\"name\":\"Didattica e inclusione scolastica\",\"description\":\"Just another WordPress site\",\"potentialAction\":[{\"@type\":\"SearchAction\",\"target\":{\"@type\":\"EntryPoint\",\"urlTemplate\":\"https:\\\/\\\/didatticainclusione.events.unibz.it\\\/?s={search_term_string}\"},\"query-input\":{\"@type\":\"PropertyValueSpecification\",\"valueRequired\":true,\"valueName\":\"search_term_string\"}}],\"inLanguage\":\"en-US\"}]}<\/script>\n<!-- \/ Yoast SEO plugin. -->","yoast_head_json":{"title":"Ihre Teilnahme an der Konferenz - Didattica e inclusione scolastica","robots":{"index":"index","follow":"follow","max-snippet":"max-snippet:-1","max-image-preview":"max-image-preview:large","max-video-preview":"max-video-preview:-1"},"canonical":"https:\/\/didatticainclusione.events.unibz.it\/?page_id=539&lang=de","og_locale":"en_US","og_type":"article","og_title":"Ihre Teilnahme an der Konferenz - Didattica e inclusione scolastica","og_description":"Die Konferenz findet online statt. Die Links zur Teilnahme werden mit der Anmeldebest\u00e4tigung per E-Mail zugesandt. Teilnahmegeb\u00fchr Die Teilnahmegeb\u00fchr berechtigt Sie zur Teilnahme an allen drei Tage und zum Konferenzband. Regul\u00e4re Teilnehmende: 35 \u20ac. Bitte w\u00e4hlen Sie im Anmeldeformular die Option &#8220;Teilnehmer&#8221;. Teilnehmer\/in mit Dozentenkarte (Carta docente): 35 \u20ac. Autor\/Autorin [&hellip;]","og_url":"https:\/\/didatticainclusione.events.unibz.it\/?page_id=539&lang=de","og_site_name":"Didattica e inclusione scolastica","article_modified_time":"2021-10-29T17:19:45+00:00","og_image":[{"width":2560,"height":1707,"url":"http:\/\/didatticainclusione.events.unibz.it\/wp-content\/uploads\/2021\/04\/2021-04-14_DIS_RGB_4-scaled-e1630922593541.jpg","type":"image\/jpeg"}],"twitter_card":"summary_large_image","twitter_misc":{"Est. reading time":"2 minutes"},"schema":{"@context":"https:\/\/schema.org","@graph":[{"@type":"WebPage","@id":"https:\/\/didatticainclusione.events.unibz.it\/?page_id=539&lang=de","url":"https:\/\/didatticainclusione.events.unibz.it\/?page_id=539&lang=de","name":"Ihre Teilnahme an der Konferenz - Didattica e inclusione scolastica","isPartOf":{"@id":"https:\/\/didatticainclusione.events.unibz.it\/#website"},"primaryImageOfPage":{"@id":"https:\/\/didatticainclusione.events.unibz.it\/?page_id=539&lang=de#primaryimage"},"image":{"@id":"https:\/\/didatticainclusione.events.unibz.it\/?page_id=539&lang=de#primaryimage"},"thumbnailUrl":"https:\/\/didatticainclusione.events.unibz.it\/wp-content\/uploads\/2021\/04\/2021-04-14_DIS_RGB_4-scaled-e1630922593541.jpg","datePublished":"2021-09-06T09:46:57+00:00","dateModified":"2021-10-29T17:19:45+00:00","breadcrumb":{"@id":"https:\/\/didatticainclusione.events.unibz.it\/?page_id=539&lang=de#breadcrumb"},"inLanguage":"en-US","potentialAction":[{"@type":"ReadAction","target":["https:\/\/didatticainclusione.events.unibz.it\/?page_id=539&lang=de"]}]},{"@type":"ImageObject","inLanguage":"en-US","@id":"https:\/\/didatticainclusione.events.unibz.it\/?page_id=539&lang=de#primaryimage","url":"https:\/\/didatticainclusione.events.unibz.it\/wp-content\/uploads\/2021\/04\/2021-04-14_DIS_RGB_4-scaled-e1630922593541.jpg","contentUrl":"https:\/\/didatticainclusione.events.unibz.it\/wp-content\/uploads\/2021\/04\/2021-04-14_DIS_RGB_4-scaled-e1630922593541.jpg","width":2560,"height":1707},{"@type":"BreadcrumbList","@id":"https:\/\/didatticainclusione.events.unibz.it\/?page_id=539&lang=de#breadcrumb","itemListElement":[{"@type":"ListItem","position":1,"name":"Home","item":"https:\/\/didatticainclusione.events.unibz.it\/"},{"@type":"ListItem","position":2,"name":"Ihre Teilnahme an der Konferenz"}]},{"@type":"WebSite","@id":"https:\/\/didatticainclusione.events.unibz.it\/#website","url":"https:\/\/didatticainclusione.events.unibz.it\/","name":"Didattica e inclusione scolastica","description":"Just another WordPress site","potentialAction":[{"@type":"SearchAction","target":{"@type":"EntryPoint","urlTemplate":"https:\/\/didatticainclusione.events.unibz.it\/?s={search_term_string}"},"query-input":{"@type":"PropertyValueSpecification","valueRequired":true,"valueName":"search_term_string"}}],"inLanguage":"en-US"}]}},"_links":{"self":[{"href":"https:\/\/didatticainclusione.events.unibz.it\/index.php?rest_route=\/wp\/v2\/pages\/539","targetHints":{"allow":["GET"]}}],"collection":[{"href":"https:\/\/didatticainclusione.events.unibz.it\/index.php?rest_route=\/wp\/v2\/pages"}],"about":[{"href":"https:\/\/didatticainclusione.events.unibz.it\/index.php?rest_route=\/wp\/v2\/types\/page"}],"author":[{"embeddable":true,"href":"https:\/\/didatticainclusione.events.unibz.it\/index.php?rest_route=\/wp\/v2\/users\/5"}],"replies":[{"embeddable":true,"href":"https:\/\/didatticainclusione.events.unibz.it\/index.php?rest_route=%2Fwp%2Fv2%2Fcomments&post=539"}],"version-history":[{"count":32,"href":"https:\/\/didatticainclusione.events.unibz.it\/index.php?rest_route=\/wp\/v2\/pages\/539\/revisions"}],"predecessor-version":[{"id":723,"href":"https:\/\/didatticainclusione.events.unibz.it\/index.php?rest_route=\/wp\/v2\/pages\/539\/revisions\/723"}],"wp:featuredmedia":[{"embeddable":true,"href":"https:\/\/didatticainclusione.events.unibz.it\/index.php?rest_route=\/wp\/v2\/media\/356"}],"wp:attachment":[{"href":"https:\/\/didatticainclusione.events.unibz.it\/index.php?rest_route=%2Fwp%2Fv2%2Fmedia&parent=539"}],"curies":[{"name":"wp","href":"https:\/\/api.w.org\/{rel}","templated":true}]}}