{"id":434,"date":"2021-06-08T16:27:34","date_gmt":"2021-06-08T16:27:34","guid":{"rendered":"https:\/\/didatticainclusione.events.unibz.it\/?page_id=434"},"modified":"2021-06-08T16:32:53","modified_gmt":"2021-06-08T16:32:53","slug":"il-convegno-2014","status":"publish","type":"page","link":"https:\/\/didatticainclusione.events.unibz.it\/?page_id=434","title":{"rendered":"Il convegno 2014"},"content":{"rendered":"\n<h2 class=\"wp-block-heading\"><strong>Terzo Convegno Nazionale<\/strong><\/h2>\n\n\n\n<h2 class=\"wp-block-heading\"><strong><span class=\"has-inline-color has-vivid-green-cyan-color\">DIDATTICA E INCLUSIONE SCOLASTICA &#8211; 2014<\/span><\/strong><\/h2>\n\n\n\n<h2 class=\"wp-block-heading\"><strong><span class=\"has-inline-color has-vivid-green-cyan-color\">Valorizzare le differenze e personalizzare gli apprendimenti<\/span><\/strong><\/h2>\n\n\n\n<div style=\"height:70px\" aria-hidden=\"true\" class=\"wp-block-spacer\"><\/div>\n\n\n\n<p>L&#8217;inclusione scolastica si fonda su una&nbsp;<strong>didattica inclusiva<\/strong>.<\/p>\n\n\n\n<div style=\"height:30px\" aria-hidden=\"true\" class=\"wp-block-spacer\"><\/div>\n\n\n\n<p>Una didattica inclusiva \u00e8 <strong>sensibile alle differenze<\/strong>, tutte, per scoprirle, comprenderle, accoglierle, valorizzarle, utilizzarle e dare loro spazio in attivit\u00e0 diversificate.<\/p>\n\n\n\n<div style=\"height:30px\" aria-hidden=\"true\" class=\"wp-block-spacer\"><\/div>\n\n\n\n<p>Una didattica inclusiva \u00e8&nbsp;<strong>organizzata su pluralit\u00e0&nbsp;<\/strong>di materiali, differenti attivit\u00e0, diversi ruoli, obiettivi e verifiche\/valutazioni individualizzate e personalizzate. &nbsp;<\/p>\n\n\n\n<div style=\"height:30px\" aria-hidden=\"true\" class=\"wp-block-spacer\"><\/div>\n\n\n\n<p><strong>\u00c8 una&nbsp;didattica aperta, flessibile e cooperativa<\/strong>.<\/p>\n\n\n\n<div style=\"height:30px\" aria-hidden=\"true\" class=\"wp-block-spacer\"><\/div>\n\n\n\n<p>Una didattica dell&#8217;<strong>equit\u00e0<\/strong>&nbsp;e dell&#8217;<strong>efficacia,<\/strong>&nbsp;in cui ognuno possa realizzare il&nbsp;<strong>massimo delle sue potenzialit\u00e0<\/strong>.<\/p>\n\n\n\n<div style=\"height:50px\" aria-hidden=\"true\" class=\"wp-block-spacer\"><\/div>\n\n\n\n<p><strong><a href=\"https:\/\/convegnoinclusione.wixsite.com\/2014\">VAI AL SITO DEL CONVEGNO<\/a><\/strong><\/p>\n","protected":false},"excerpt":{"rendered":"<p>Terzo Convegno Nazionale DIDATTICA E INCLUSIONE SCOLASTICA &#8211; 2014 Valorizzare le differenze e personalizzare gli apprendimenti L&#8217;inclusione scolastica si fonda su una&nbsp;didattica inclusiva. Una didattica inclusiva \u00e8 sensibile alle differenze, tutte, per scoprirle, comprenderle, accoglierle, valorizzarle, utilizzarle e dare loro spazio in attivit\u00e0 diversificate. Una didattica inclusiva \u00e8&nbsp;organizzata su pluralit\u00e0&nbsp;di materiali, differenti attivit\u00e0, diversi ruoli, obiettivi e verifiche\/valutazioni individualizzate e personalizzate. &nbsp; \u00c8 una&nbsp;didattica aperta, flessibile e cooperativa. Una didattica dell&#8217;equit\u00e0&nbsp;e dell&#8217;efficacia,&nbsp;in cui ognuno possa realizzare il&nbsp;massimo delle sue potenzialit\u00e0. VAI AL SITO DEL CONVEGNO<\/p>\n","protected":false},"author":6,"featured_media":0,"parent":0,"menu_order":0,"comment_status":"closed","ping_status":"closed","template":"","meta":{"footnotes":""},"class_list":["post-434","page","type-page","status-publish","hentry"],"yoast_head":"<!-- This site is optimized with the Yoast SEO plugin v27.5 - https:\/\/yoast.com\/product\/yoast-seo-wordpress\/ -->\n<title>Il convegno 2014 - Didattica e inclusione scolastica<\/title>\n<meta name=\"robots\" content=\"index, follow, max-snippet:-1, max-image-preview:large, max-video-preview:-1\" \/>\n<link rel=\"canonical\" href=\"https:\/\/didatticainclusione.events.unibz.it\/?page_id=434\" \/>\n<meta property=\"og:locale\" content=\"en_US\" \/>\n<meta property=\"og:type\" content=\"article\" \/>\n<meta property=\"og:title\" content=\"Il convegno 2014 - Didattica e inclusione scolastica\" \/>\n<meta property=\"og:description\" content=\"Terzo Convegno Nazionale DIDATTICA E INCLUSIONE SCOLASTICA &#8211; 2014 Valorizzare le differenze e personalizzare gli apprendimenti L&#8217;inclusione scolastica si fonda su una&nbsp;didattica inclusiva. Una didattica inclusiva \u00e8 sensibile alle differenze, tutte, per scoprirle, comprenderle, accoglierle, valorizzarle, utilizzarle e dare loro spazio in attivit\u00e0 diversificate. Una didattica inclusiva \u00e8&nbsp;organizzata su pluralit\u00e0&nbsp;di materiali, differenti attivit\u00e0, diversi ruoli, obiettivi e verifiche\/valutazioni individualizzate e personalizzate. &nbsp; \u00c8 una&nbsp;didattica aperta, flessibile e cooperativa. Una didattica dell&#8217;equit\u00e0&nbsp;e dell&#8217;efficacia,&nbsp;in cui ognuno possa realizzare il&nbsp;massimo delle sue potenzialit\u00e0. VAI AL SITO DEL CONVEGNO\" \/>\n<meta property=\"og:url\" content=\"https:\/\/didatticainclusione.events.unibz.it\/?page_id=434\" \/>\n<meta property=\"og:site_name\" content=\"Didattica e inclusione scolastica\" \/>\n<meta property=\"article:modified_time\" content=\"2021-06-08T16:32:53+00:00\" \/>\n<meta name=\"twitter:card\" content=\"summary_large_image\" \/>\n<meta name=\"twitter:label1\" content=\"Est. reading time\" \/>\n\t<meta name=\"twitter:data1\" content=\"1 minute\" \/>\n<script type=\"application\/ld+json\" class=\"yoast-schema-graph\">{\"@context\":\"https:\\\/\\\/schema.org\",\"@graph\":[{\"@type\":\"WebPage\",\"@id\":\"https:\\\/\\\/didatticainclusione.events.unibz.it\\\/?page_id=434\",\"url\":\"https:\\\/\\\/didatticainclusione.events.unibz.it\\\/?page_id=434\",\"name\":\"Il convegno 2014 - Didattica e inclusione scolastica\",\"isPartOf\":{\"@id\":\"https:\\\/\\\/didatticainclusione.events.unibz.it\\\/#website\"},\"datePublished\":\"2021-06-08T16:27:34+00:00\",\"dateModified\":\"2021-06-08T16:32:53+00:00\",\"breadcrumb\":{\"@id\":\"https:\\\/\\\/didatticainclusione.events.unibz.it\\\/?page_id=434#breadcrumb\"},\"inLanguage\":\"en-US\",\"potentialAction\":[{\"@type\":\"ReadAction\",\"target\":[\"https:\\\/\\\/didatticainclusione.events.unibz.it\\\/?page_id=434\"]}]},{\"@type\":\"BreadcrumbList\",\"@id\":\"https:\\\/\\\/didatticainclusione.events.unibz.it\\\/?page_id=434#breadcrumb\",\"itemListElement\":[{\"@type\":\"ListItem\",\"position\":1,\"name\":\"Home\",\"item\":\"https:\\\/\\\/didatticainclusione.events.unibz.it\\\/\"},{\"@type\":\"ListItem\",\"position\":2,\"name\":\"Il convegno 2014\"}]},{\"@type\":\"WebSite\",\"@id\":\"https:\\\/\\\/didatticainclusione.events.unibz.it\\\/#website\",\"url\":\"https:\\\/\\\/didatticainclusione.events.unibz.it\\\/\",\"name\":\"Didattica e inclusione scolastica\",\"description\":\"Just another WordPress site\",\"potentialAction\":[{\"@type\":\"SearchAction\",\"target\":{\"@type\":\"EntryPoint\",\"urlTemplate\":\"https:\\\/\\\/didatticainclusione.events.unibz.it\\\/?s={search_term_string}\"},\"query-input\":{\"@type\":\"PropertyValueSpecification\",\"valueRequired\":true,\"valueName\":\"search_term_string\"}}],\"inLanguage\":\"en-US\"}]}<\/script>\n<!-- \/ Yoast SEO plugin. -->","yoast_head_json":{"title":"Il convegno 2014 - Didattica e inclusione scolastica","robots":{"index":"index","follow":"follow","max-snippet":"max-snippet:-1","max-image-preview":"max-image-preview:large","max-video-preview":"max-video-preview:-1"},"canonical":"https:\/\/didatticainclusione.events.unibz.it\/?page_id=434","og_locale":"en_US","og_type":"article","og_title":"Il convegno 2014 - Didattica e inclusione scolastica","og_description":"Terzo Convegno Nazionale DIDATTICA E INCLUSIONE SCOLASTICA &#8211; 2014 Valorizzare le differenze e personalizzare gli apprendimenti L&#8217;inclusione scolastica si fonda su una&nbsp;didattica inclusiva. Una didattica inclusiva \u00e8 sensibile alle differenze, tutte, per scoprirle, comprenderle, accoglierle, valorizzarle, utilizzarle e dare loro spazio in attivit\u00e0 diversificate. Una didattica inclusiva \u00e8&nbsp;organizzata su pluralit\u00e0&nbsp;di materiali, differenti attivit\u00e0, diversi ruoli, obiettivi e verifiche\/valutazioni individualizzate e personalizzate. &nbsp; \u00c8 una&nbsp;didattica aperta, flessibile e cooperativa. Una didattica dell&#8217;equit\u00e0&nbsp;e dell&#8217;efficacia,&nbsp;in cui ognuno possa realizzare il&nbsp;massimo delle sue potenzialit\u00e0. VAI AL SITO DEL CONVEGNO","og_url":"https:\/\/didatticainclusione.events.unibz.it\/?page_id=434","og_site_name":"Didattica e inclusione scolastica","article_modified_time":"2021-06-08T16:32:53+00:00","twitter_card":"summary_large_image","twitter_misc":{"Est. reading time":"1 minute"},"schema":{"@context":"https:\/\/schema.org","@graph":[{"@type":"WebPage","@id":"https:\/\/didatticainclusione.events.unibz.it\/?page_id=434","url":"https:\/\/didatticainclusione.events.unibz.it\/?page_id=434","name":"Il convegno 2014 - Didattica e inclusione scolastica","isPartOf":{"@id":"https:\/\/didatticainclusione.events.unibz.it\/#website"},"datePublished":"2021-06-08T16:27:34+00:00","dateModified":"2021-06-08T16:32:53+00:00","breadcrumb":{"@id":"https:\/\/didatticainclusione.events.unibz.it\/?page_id=434#breadcrumb"},"inLanguage":"en-US","potentialAction":[{"@type":"ReadAction","target":["https:\/\/didatticainclusione.events.unibz.it\/?page_id=434"]}]},{"@type":"BreadcrumbList","@id":"https:\/\/didatticainclusione.events.unibz.it\/?page_id=434#breadcrumb","itemListElement":[{"@type":"ListItem","position":1,"name":"Home","item":"https:\/\/didatticainclusione.events.unibz.it\/"},{"@type":"ListItem","position":2,"name":"Il convegno 2014"}]},{"@type":"WebSite","@id":"https:\/\/didatticainclusione.events.unibz.it\/#website","url":"https:\/\/didatticainclusione.events.unibz.it\/","name":"Didattica e inclusione scolastica","description":"Just another WordPress site","potentialAction":[{"@type":"SearchAction","target":{"@type":"EntryPoint","urlTemplate":"https:\/\/didatticainclusione.events.unibz.it\/?s={search_term_string}"},"query-input":{"@type":"PropertyValueSpecification","valueRequired":true,"valueName":"search_term_string"}}],"inLanguage":"en-US"}]}},"_links":{"self":[{"href":"https:\/\/didatticainclusione.events.unibz.it\/index.php?rest_route=\/wp\/v2\/pages\/434","targetHints":{"allow":["GET"]}}],"collection":[{"href":"https:\/\/didatticainclusione.events.unibz.it\/index.php?rest_route=\/wp\/v2\/pages"}],"about":[{"href":"https:\/\/didatticainclusione.events.unibz.it\/index.php?rest_route=\/wp\/v2\/types\/page"}],"author":[{"embeddable":true,"href":"https:\/\/didatticainclusione.events.unibz.it\/index.php?rest_route=\/wp\/v2\/users\/6"}],"replies":[{"embeddable":true,"href":"https:\/\/didatticainclusione.events.unibz.it\/index.php?rest_route=%2Fwp%2Fv2%2Fcomments&post=434"}],"version-history":[{"count":3,"href":"https:\/\/didatticainclusione.events.unibz.it\/index.php?rest_route=\/wp\/v2\/pages\/434\/revisions"}],"predecessor-version":[{"id":440,"href":"https:\/\/didatticainclusione.events.unibz.it\/index.php?rest_route=\/wp\/v2\/pages\/434\/revisions\/440"}],"wp:attachment":[{"href":"https:\/\/didatticainclusione.events.unibz.it\/index.php?rest_route=%2Fwp%2Fv2%2Fmedia&parent=434"}],"curies":[{"name":"wp","href":"https:\/\/api.w.org\/{rel}","templated":true}]}}