{"id":1444,"date":"2024-12-06T17:08:10","date_gmt":"2024-12-06T17:08:10","guid":{"rendered":"https:\/\/didatticainclusione.events.unibz.it\/?page_id=1444"},"modified":"2025-04-15T10:03:22","modified_gmt":"2025-04-15T10:03:22","slug":"anmeldungen","status":"publish","type":"page","link":"https:\/\/didatticainclusione.events.unibz.it\/?page_id=1444&lang=de","title":{"rendered":"Anmeldungen"},"content":{"rendered":"\n<h2 class=\"wp-block-heading\"><strong>Anmeldungen sind jetzt m\u00f6glich!<\/strong><\/h2>\n\n\n\n<h2 class=\"wp-block-heading\"><strong>Die Anmeldefrist l\u00e4uft bis zum 1. Mai 2025 um 12:00 mittags.<\/strong><\/h2>\n\n\n\n<div style=\"height:60px\" aria-hidden=\"true\" class=\"wp-block-spacer\"><\/div>\n\n\n\n<h2 class=\"wp-block-heading\"><strong>TEILNAHMEGEB\u00dcHR<\/strong><\/h2>\n\n\n\n<div style=\"height:38px\" aria-hidden=\"true\" class=\"wp-block-spacer\"><\/div>\n\n\n\n<p><strong>Teilnehmende mit Dozent:innenkarte: <\/strong>50 \u20ac.<\/p>\n\n\n\n<p><strong>Teilnehmende ohne Dozent:innenkarte (Carta del docente): <\/strong>50 \u20ac.<\/p>\n\n\n\n<p><strong>Schulpersonal und F\u00fchrungskr\u00e4fte der Autonomen Provinzen Bozen und Trient: <\/strong>kostenlos (obligatorische Anmeldung mit institutioneller E-Mail)<\/p>\n\n\n\n<p><strong>Studierende unibz: <\/strong>kostenlos (obligatorische Anmeldung mit E-Mail unibz)<\/p>\n\n\n\n<p><strong>Studierende anderer Institutionen: <\/strong>kostenlos (obligatorische Anmeldung mit institutioneller E-Mail-Adresse)<\/p>\n\n\n\n<p><strong>Autor:in eines Beitrags: <\/strong>50 \u20ac.<\/p>\n\n\n\n<p><strong>Mitautor:in eines Beitrags: <\/strong>50 \u20ac.<\/p>\n\n\n\n<p><strong>Unibz-Mitarbeitende mit institutionellen Mitteln*: <\/strong>50 \u20ac.<\/p>\n\n\n\n<p><strong>Unibz-Mitarbeitende ohne institutionelle Mittel: <\/strong>kostenlos.<\/p>\n\n\n\n<p><strong>ACHTUNG: <\/strong>Einmal geleistete Zahlungen werden nicht zur\u00fcckerstattet.<\/p>\n\n\n\n<p><strong>RECHNUNG: <\/strong>Die Zahlungsbest\u00e4tigung f\u00fcr die Anmeldegeb\u00fchr kann in Papierform auf der Konferenz abgeholt werden.<\/p>\n\n\n\n<p><strong>*UNIBZ-PERSONAL MIT F\u00d6RDERMITTELN: <\/strong>Bevor Sie fortfahren, beachten Sie bitte die unter diesem Link &nbsp;<a href=\"https:\/\/scientificnet.sharepoint.com\/:f:\/r\/sites\/uhbPressEventManagement\/SiteAssets\/SitePages\/Teilnahmegeb%C3%BChren?csf=1&amp;web=1&amp;e=OQ2me1\">Teilnahmegeb\u00fchren<\/a> ver\u00f6ffentlichten Leitlinien und folgen Sie den Hinweisen.<\/p>\n\n\n\n<hr class=\"wp-block-separator has-alpha-channel-opacity\"\/>\n\n\n\n<h2 class=\"wp-block-heading\"><mark style=\"background-color:rgba(0, 0, 0, 0)\" class=\"has-inline-color has-light-green-cyan-color\"><strong>HIER K\u00d6NNEN SIE SICH EINSCHREIBEN:<\/strong><\/mark><\/h2>\n\n\n\n<h2 class=\"wp-block-heading has-black-color has-text-color has-link-color wp-elements-698c908c0a5eb06ae1d280fc00148248\"><mark style=\"background-color:rgba(0, 0, 0, 0)\" class=\"has-inline-color has-light-green-cyan-color\"><a href=\"https:\/\/www.conftool.com\/dis2025\/\">https:\/\/www.conftool.com\/dis2025\/<\/a><\/mark><\/h2>\n\n\n\n<hr class=\"wp-block-separator has-alpha-channel-opacity\"\/>\n\n\n\n<p><strong>CARTA DEL DOCENTE<\/strong><\/p>\n\n\n\n<p>F\u00fcr die Anmeldung k\u00f6nnen Sie Ihre \u201eCarta del docente\u201c verwenden. Die Teilnahmegeb\u00fchr betr\u00e4gt 50 \u20ac.<\/p>\n\n\n\n<p>Bitte gehen Sie wie folgt vor:<\/p>\n\n\n\n<p>&#8211; Generieren Sie im Portal \u201eCarta del docente\u201c den Gutschein f\u00fcr den Kauf von Fort- und Weiterbildungen, indem Sie auf den Reiter \u201eWeiterbildungen akkreditierte\/qualifizierte Einrichtungen\u201c klicken.<\/p>\n\n\n\n<p>&#8211; Geben Sie den Betrag von 50 \u20ac ein.<\/p>\n\n\n\n<p>&#8211; Fahren Sie mit der Registrierung f\u00fcr die Konferenz unter folgendem Link fort: Geben Sie im entsprechenden Feld den alphanumerischen Code ein, der auf dem generierten Gutschein steht.<\/p>\n\n\n\n<hr class=\"wp-block-separator has-alpha-channel-opacity\"\/>\n\n\n\n<h2 class=\"wp-block-heading\"><strong>BESCHEINIGUNGEN<\/strong><\/h2>\n\n\n\n<p>Teilnahme an der Anwesenheit: Das Zertifikat dokumentiert die Teilnahme an den Konferenzaktivit\u00e4ten f\u00fcr insgesamt 12 Stunden und wird am Ende der Veranstaltung ausgeh\u00e4ndigt.<\/p>\n\n\n\n<p>Alle Teilnehmenden werden gebeten, sich in die am Eingang ausliegenden Namenslisten einzutragen.<\/p>\n\n\n\n<p>F\u00fcr die Anerkennung der Fortbildungsstunden m\u00fcssen sich alle Lehrpersonen der Autonomen Provinz Bozen an beiden Veranstaltungstagen in eine spezielle Liste eintragen.<strong><\/strong><\/p>\n\n\n\n<hr class=\"wp-block-separator has-alpha-channel-opacity\"\/>\n\n\n\n<p><strong>VERANSTALTUNGSORT<\/strong><\/p>\n\n\n\n<p>Freie Universit\u00e4t Bozen<\/p>\n\n\n\n<p>Fakult\u00e4t f\u00fcr Bildungswissenschaften<\/p>\n\n\n\n<p>Regensburger Allee 16<\/p>\n\n\n\n<p>Italien \u2013 39042, Brixen<\/p>\n\n\n\n<p class=\"has-text-align-right\"><strong>TAGUNGSLEITUNG<\/strong><\/p>\n\n\n\n<p class=\"has-text-align-right\">Simone Seitz, Sara Baroni, Giulia Consalvo,<br>Heidrun Demo, Anna Frizzarin,<br>Vanessa Macchia, Stefania Torri.<\/p>\n\n\n\n<p class=\"has-text-align-right\"><strong>Organisation<\/strong>: Sara Baroni, Silver Cappello, Janica Pisciali.<\/p>\n\n\n\n<p class=\"has-text-align-right\"><strong>ORGANISATORISCHE UNTERST\u00dcTZUNG<\/strong><\/p>\n\n\n\n<p class=\"has-text-align-right\">Janica Pisciali, Kompetenzzentrum f\u00fcr Inklusion im Bildungsbereich, Freie Universit\u00e4t Bozen<br>E-Mail:&nbsp;<a href=\"mailto:inklusioninclusione@unibz.it\"><strong>inklusioninclusione@unibz.it<\/strong><\/a><\/p>\n\n\n\n<p class=\"has-text-align-right\">Massimo Eccli, Pressestelle und Veranstaltungsorganisation, Freie Universit\u00e4t Bozen<br>E-Mail:&nbsp;<a href=\"mailto:event@unibz.it\"><strong>event@unibz.it<\/strong><\/a><\/p>\n\n\n\n<p class=\"has-text-align-right\">Veranstaltung organisiert vom&nbsp;<a href=\"https:\/\/www.unibz.it\/de\/home\/research\/competence-center-school-inclusion\/\"><strong>Kompetenzzentrum f\u00fcr Inklusion im Bildungsbereich der Freien Universit\u00e4t Bozen<\/strong><\/a><\/p>\n\n\n\n<p class=\"has-text-align-right\">mit der Unterst\u00fctzung von <a href=\"https:\/\/www.fbk.eu\/it\/\"><strong>Fondazione Bruno Kessler <\/strong><\/a><\/p>\n\n\n\n<p><\/p>\n","protected":false},"excerpt":{"rendered":"<p>Anmeldungen sind jetzt m\u00f6glich! Die Anmeldefrist l\u00e4uft bis zum 1. Mai 2025 um 12:00 mittags. TEILNAHMEGEB\u00dcHR Teilnehmende mit Dozent:innenkarte: 50 \u20ac. Teilnehmende ohne Dozent:innenkarte (Carta del docente): 50 \u20ac. Schulpersonal und F\u00fchrungskr\u00e4fte der Autonomen Provinzen Bozen und Trient: kostenlos (obligatorische Anmeldung mit institutioneller E-Mail) Studierende unibz: kostenlos (obligatorische Anmeldung mit [&hellip;]<\/p>\n","protected":false},"author":5,"featured_media":1302,"parent":0,"menu_order":0,"comment_status":"closed","ping_status":"closed","template":"","meta":{"footnotes":""},"class_list":["post-1444","page","type-page","status-publish","has-post-thumbnail","hentry"],"yoast_head":"<!-- This site is optimized with the Yoast SEO plugin v27.5 - https:\/\/yoast.com\/product\/yoast-seo-wordpress\/ -->\n<title>Anmeldungen - Didattica e inclusione scolastica<\/title>\n<meta name=\"robots\" content=\"index, follow, max-snippet:-1, max-image-preview:large, max-video-preview:-1\" \/>\n<link rel=\"canonical\" href=\"https:\/\/didatticainclusione.events.unibz.it\/?page_id=1444&lang=de\" \/>\n<meta property=\"og:locale\" content=\"en_US\" \/>\n<meta property=\"og:type\" content=\"article\" \/>\n<meta property=\"og:title\" content=\"Anmeldungen - Didattica e inclusione scolastica\" \/>\n<meta property=\"og:description\" content=\"Anmeldungen sind jetzt m\u00f6glich! Die Anmeldefrist l\u00e4uft bis zum 1. Mai 2025 um 12:00 mittags. TEILNAHMEGEB\u00dcHR Teilnehmende mit Dozent:innenkarte: 50 \u20ac. Teilnehmende ohne Dozent:innenkarte (Carta del docente): 50 \u20ac. Schulpersonal und F\u00fchrungskr\u00e4fte der Autonomen Provinzen Bozen und Trient: kostenlos (obligatorische Anmeldung mit institutioneller E-Mail) Studierende unibz: kostenlos (obligatorische Anmeldung mit [&hellip;]\" \/>\n<meta property=\"og:url\" content=\"https:\/\/didatticainclusione.events.unibz.it\/?page_id=1444&amp;lang=de\" \/>\n<meta property=\"og:site_name\" content=\"Didattica e inclusione scolastica\" \/>\n<meta property=\"article:modified_time\" content=\"2025-04-15T10:03:22+00:00\" \/>\n<meta property=\"og:image\" content=\"http:\/\/didatticainclusione.events.unibz.it\/wp-content\/uploads\/2024\/05\/Illustrazione_08_verde-3-jpg-1.jpg\" \/>\n\t<meta property=\"og:image:width\" content=\"2362\" \/>\n\t<meta property=\"og:image:height\" content=\"1080\" \/>\n\t<meta property=\"og:image:type\" content=\"image\/jpeg\" \/>\n<meta name=\"twitter:card\" content=\"summary_large_image\" \/>\n<meta name=\"twitter:label1\" content=\"Est. reading time\" \/>\n\t<meta name=\"twitter:data1\" content=\"2 minutes\" \/>\n<script type=\"application\/ld+json\" class=\"yoast-schema-graph\">{\"@context\":\"https:\\\/\\\/schema.org\",\"@graph\":[{\"@type\":\"WebPage\",\"@id\":\"https:\\\/\\\/didatticainclusione.events.unibz.it\\\/?page_id=1444&lang=de\",\"url\":\"https:\\\/\\\/didatticainclusione.events.unibz.it\\\/?page_id=1444&lang=de\",\"name\":\"Anmeldungen - Didattica e inclusione scolastica\",\"isPartOf\":{\"@id\":\"https:\\\/\\\/didatticainclusione.events.unibz.it\\\/#website\"},\"primaryImageOfPage\":{\"@id\":\"https:\\\/\\\/didatticainclusione.events.unibz.it\\\/?page_id=1444&lang=de#primaryimage\"},\"image\":{\"@id\":\"https:\\\/\\\/didatticainclusione.events.unibz.it\\\/?page_id=1444&lang=de#primaryimage\"},\"thumbnailUrl\":\"https:\\\/\\\/didatticainclusione.events.unibz.it\\\/wp-content\\\/uploads\\\/2024\\\/05\\\/Illustrazione_08_verde-3-jpg-1.jpg\",\"datePublished\":\"2024-12-06T17:08:10+00:00\",\"dateModified\":\"2025-04-15T10:03:22+00:00\",\"breadcrumb\":{\"@id\":\"https:\\\/\\\/didatticainclusione.events.unibz.it\\\/?page_id=1444&lang=de#breadcrumb\"},\"inLanguage\":\"en-US\",\"potentialAction\":[{\"@type\":\"ReadAction\",\"target\":[\"https:\\\/\\\/didatticainclusione.events.unibz.it\\\/?page_id=1444&lang=de\"]}]},{\"@type\":\"ImageObject\",\"inLanguage\":\"en-US\",\"@id\":\"https:\\\/\\\/didatticainclusione.events.unibz.it\\\/?page_id=1444&lang=de#primaryimage\",\"url\":\"https:\\\/\\\/didatticainclusione.events.unibz.it\\\/wp-content\\\/uploads\\\/2024\\\/05\\\/Illustrazione_08_verde-3-jpg-1.jpg\",\"contentUrl\":\"https:\\\/\\\/didatticainclusione.events.unibz.it\\\/wp-content\\\/uploads\\\/2024\\\/05\\\/Illustrazione_08_verde-3-jpg-1.jpg\",\"width\":2362,\"height\":1080},{\"@type\":\"BreadcrumbList\",\"@id\":\"https:\\\/\\\/didatticainclusione.events.unibz.it\\\/?page_id=1444&lang=de#breadcrumb\",\"itemListElement\":[{\"@type\":\"ListItem\",\"position\":1,\"name\":\"Home\",\"item\":\"https:\\\/\\\/didatticainclusione.events.unibz.it\\\/\"},{\"@type\":\"ListItem\",\"position\":2,\"name\":\"Anmeldungen\"}]},{\"@type\":\"WebSite\",\"@id\":\"https:\\\/\\\/didatticainclusione.events.unibz.it\\\/#website\",\"url\":\"https:\\\/\\\/didatticainclusione.events.unibz.it\\\/\",\"name\":\"Didattica e inclusione scolastica\",\"description\":\"Just another WordPress site\",\"potentialAction\":[{\"@type\":\"SearchAction\",\"target\":{\"@type\":\"EntryPoint\",\"urlTemplate\":\"https:\\\/\\\/didatticainclusione.events.unibz.it\\\/?s={search_term_string}\"},\"query-input\":{\"@type\":\"PropertyValueSpecification\",\"valueRequired\":true,\"valueName\":\"search_term_string\"}}],\"inLanguage\":\"en-US\"}]}<\/script>\n<!-- \/ Yoast SEO plugin. -->","yoast_head_json":{"title":"Anmeldungen - Didattica e inclusione scolastica","robots":{"index":"index","follow":"follow","max-snippet":"max-snippet:-1","max-image-preview":"max-image-preview:large","max-video-preview":"max-video-preview:-1"},"canonical":"https:\/\/didatticainclusione.events.unibz.it\/?page_id=1444&lang=de","og_locale":"en_US","og_type":"article","og_title":"Anmeldungen - Didattica e inclusione scolastica","og_description":"Anmeldungen sind jetzt m\u00f6glich! Die Anmeldefrist l\u00e4uft bis zum 1. Mai 2025 um 12:00 mittags. TEILNAHMEGEB\u00dcHR Teilnehmende mit Dozent:innenkarte: 50 \u20ac. Teilnehmende ohne Dozent:innenkarte (Carta del docente): 50 \u20ac. Schulpersonal und F\u00fchrungskr\u00e4fte der Autonomen Provinzen Bozen und Trient: kostenlos (obligatorische Anmeldung mit institutioneller E-Mail) Studierende unibz: kostenlos (obligatorische Anmeldung mit [&hellip;]","og_url":"https:\/\/didatticainclusione.events.unibz.it\/?page_id=1444&lang=de","og_site_name":"Didattica e inclusione scolastica","article_modified_time":"2025-04-15T10:03:22+00:00","og_image":[{"width":2362,"height":1080,"url":"http:\/\/didatticainclusione.events.unibz.it\/wp-content\/uploads\/2024\/05\/Illustrazione_08_verde-3-jpg-1.jpg","type":"image\/jpeg"}],"twitter_card":"summary_large_image","twitter_misc":{"Est. reading time":"2 minutes"},"schema":{"@context":"https:\/\/schema.org","@graph":[{"@type":"WebPage","@id":"https:\/\/didatticainclusione.events.unibz.it\/?page_id=1444&lang=de","url":"https:\/\/didatticainclusione.events.unibz.it\/?page_id=1444&lang=de","name":"Anmeldungen - Didattica e inclusione scolastica","isPartOf":{"@id":"https:\/\/didatticainclusione.events.unibz.it\/#website"},"primaryImageOfPage":{"@id":"https:\/\/didatticainclusione.events.unibz.it\/?page_id=1444&lang=de#primaryimage"},"image":{"@id":"https:\/\/didatticainclusione.events.unibz.it\/?page_id=1444&lang=de#primaryimage"},"thumbnailUrl":"https:\/\/didatticainclusione.events.unibz.it\/wp-content\/uploads\/2024\/05\/Illustrazione_08_verde-3-jpg-1.jpg","datePublished":"2024-12-06T17:08:10+00:00","dateModified":"2025-04-15T10:03:22+00:00","breadcrumb":{"@id":"https:\/\/didatticainclusione.events.unibz.it\/?page_id=1444&lang=de#breadcrumb"},"inLanguage":"en-US","potentialAction":[{"@type":"ReadAction","target":["https:\/\/didatticainclusione.events.unibz.it\/?page_id=1444&lang=de"]}]},{"@type":"ImageObject","inLanguage":"en-US","@id":"https:\/\/didatticainclusione.events.unibz.it\/?page_id=1444&lang=de#primaryimage","url":"https:\/\/didatticainclusione.events.unibz.it\/wp-content\/uploads\/2024\/05\/Illustrazione_08_verde-3-jpg-1.jpg","contentUrl":"https:\/\/didatticainclusione.events.unibz.it\/wp-content\/uploads\/2024\/05\/Illustrazione_08_verde-3-jpg-1.jpg","width":2362,"height":1080},{"@type":"BreadcrumbList","@id":"https:\/\/didatticainclusione.events.unibz.it\/?page_id=1444&lang=de#breadcrumb","itemListElement":[{"@type":"ListItem","position":1,"name":"Home","item":"https:\/\/didatticainclusione.events.unibz.it\/"},{"@type":"ListItem","position":2,"name":"Anmeldungen"}]},{"@type":"WebSite","@id":"https:\/\/didatticainclusione.events.unibz.it\/#website","url":"https:\/\/didatticainclusione.events.unibz.it\/","name":"Didattica e inclusione scolastica","description":"Just another WordPress site","potentialAction":[{"@type":"SearchAction","target":{"@type":"EntryPoint","urlTemplate":"https:\/\/didatticainclusione.events.unibz.it\/?s={search_term_string}"},"query-input":{"@type":"PropertyValueSpecification","valueRequired":true,"valueName":"search_term_string"}}],"inLanguage":"en-US"}]}},"_links":{"self":[{"href":"https:\/\/didatticainclusione.events.unibz.it\/index.php?rest_route=\/wp\/v2\/pages\/1444","targetHints":{"allow":["GET"]}}],"collection":[{"href":"https:\/\/didatticainclusione.events.unibz.it\/index.php?rest_route=\/wp\/v2\/pages"}],"about":[{"href":"https:\/\/didatticainclusione.events.unibz.it\/index.php?rest_route=\/wp\/v2\/types\/page"}],"author":[{"embeddable":true,"href":"https:\/\/didatticainclusione.events.unibz.it\/index.php?rest_route=\/wp\/v2\/users\/5"}],"replies":[{"embeddable":true,"href":"https:\/\/didatticainclusione.events.unibz.it\/index.php?rest_route=%2Fwp%2Fv2%2Fcomments&post=1444"}],"version-history":[{"count":10,"href":"https:\/\/didatticainclusione.events.unibz.it\/index.php?rest_route=\/wp\/v2\/pages\/1444\/revisions"}],"predecessor-version":[{"id":1550,"href":"https:\/\/didatticainclusione.events.unibz.it\/index.php?rest_route=\/wp\/v2\/pages\/1444\/revisions\/1550"}],"wp:featuredmedia":[{"embeddable":true,"href":"https:\/\/didatticainclusione.events.unibz.it\/index.php?rest_route=\/wp\/v2\/media\/1302"}],"wp:attachment":[{"href":"https:\/\/didatticainclusione.events.unibz.it\/index.php?rest_route=%2Fwp%2Fv2%2Fmedia&parent=1444"}],"curies":[{"name":"wp","href":"https:\/\/api.w.org\/{rel}","templated":true}]}}