{"id":1401,"date":"2024-10-21T09:58:04","date_gmt":"2024-10-21T09:58:04","guid":{"rendered":"https:\/\/didatticainclusione.events.unibz.it\/?page_id=1401"},"modified":"2024-10-21T15:55:04","modified_gmt":"2024-10-21T15:55:04","slug":"campus-brixen-bressanone","status":"publish","type":"page","link":"https:\/\/didatticainclusione.events.unibz.it\/?page_id=1401&lang=de","title":{"rendered":"Der Tagungsort"},"content":{"rendered":"\n<p><strong>CAMPUS BRIXEN-BRESSANONE<\/strong><\/p>\n\n\n\n<hr class=\"wp-block-separator has-alpha-channel-opacity\"\/>\n\n\n\n<figure class=\"wp-block-image\"><img decoding=\"async\" src=\"http:\/\/eduterranatura.events.unibz.it\/wp-content\/uploads\/2017\/05\/Venue-300x200.jpg\" alt=\"\" class=\"wp-image-217\"\/><\/figure>\n\n\n\n<p><strong>Freie Universit\u00e4t Bozen<\/strong><\/p>\n\n\n\n<p>Fakult\u00e4t f\u00fcr Bildungswissenschaften<\/p>\n\n\n\n<p>Regensburgerallee 16,<\/p>\n\n\n\n<p>Italien \u2013 39100, Brixen<\/p>\n\n\n\n<hr class=\"wp-block-separator has-alpha-channel-opacity\"\/>\n\n\n\n<p><a href=\"https:\/\/www.unibz.it\/de\/events\/brixen-bressanone-campus\/\">Hier<\/a> finden Sie Informationen zur Planung Ihrer Reise.<\/p>\n","protected":false},"excerpt":{"rendered":"<p>CAMPUS BRIXEN-BRESSANONE Freie Universit\u00e4t Bozen Fakult\u00e4t f\u00fcr Bildungswissenschaften Regensburgerallee 16, Italien \u2013 39100, Brixen Hier finden Sie Informationen zur Planung Ihrer Reise.<\/p>\n","protected":false},"author":5,"featured_media":1278,"parent":0,"menu_order":0,"comment_status":"closed","ping_status":"closed","template":"","meta":{"footnotes":""},"class_list":["post-1401","page","type-page","status-publish","has-post-thumbnail","hentry"],"yoast_head":"<!-- This site is optimized with the Yoast SEO plugin v27.3 - https:\/\/yoast.com\/product\/yoast-seo-wordpress\/ -->\n<title>Der Tagungsort - Didattica e inclusione scolastica<\/title>\n<meta name=\"robots\" content=\"index, follow, max-snippet:-1, max-image-preview:large, max-video-preview:-1\" \/>\n<link rel=\"canonical\" href=\"https:\/\/didatticainclusione.events.unibz.it\/?page_id=1401&lang=de\" \/>\n<meta property=\"og:locale\" content=\"en_US\" \/>\n<meta property=\"og:type\" content=\"article\" \/>\n<meta property=\"og:title\" content=\"Der Tagungsort - Didattica e inclusione scolastica\" \/>\n<meta property=\"og:description\" content=\"CAMPUS BRIXEN-BRESSANONE Freie Universit\u00e4t Bozen Fakult\u00e4t f\u00fcr Bildungswissenschaften Regensburgerallee 16, Italien \u2013 39100, Brixen Hier finden Sie Informationen zur Planung Ihrer Reise.\" \/>\n<meta property=\"og:url\" content=\"https:\/\/didatticainclusione.events.unibz.it\/?page_id=1401&amp;lang=de\" \/>\n<meta property=\"og:site_name\" content=\"Didattica e inclusione scolastica\" \/>\n<meta property=\"article:modified_time\" content=\"2024-10-21T15:55:04+00:00\" \/>\n<meta property=\"og:image\" content=\"http:\/\/didatticainclusione.events.unibz.it\/wp-content\/uploads\/2024\/05\/Illustrazione_08_verde-3-jpg.jpg\" \/>\n\t<meta property=\"og:image:width\" content=\"2362\" \/>\n\t<meta property=\"og:image:height\" content=\"1080\" \/>\n\t<meta property=\"og:image:type\" content=\"image\/jpeg\" \/>\n<meta name=\"twitter:card\" content=\"summary_large_image\" \/>\n<meta name=\"twitter:label1\" content=\"Est. reading time\" \/>\n\t<meta name=\"twitter:data1\" content=\"1 minute\" \/>\n<script type=\"application\/ld+json\" class=\"yoast-schema-graph\">{\"@context\":\"https:\\\/\\\/schema.org\",\"@graph\":[{\"@type\":\"WebPage\",\"@id\":\"https:\\\/\\\/didatticainclusione.events.unibz.it\\\/?page_id=1401&lang=de\",\"url\":\"https:\\\/\\\/didatticainclusione.events.unibz.it\\\/?page_id=1401&lang=de\",\"name\":\"Der Tagungsort - Didattica e inclusione scolastica\",\"isPartOf\":{\"@id\":\"https:\\\/\\\/didatticainclusione.events.unibz.it\\\/#website\"},\"primaryImageOfPage\":{\"@id\":\"https:\\\/\\\/didatticainclusione.events.unibz.it\\\/?page_id=1401&lang=de#primaryimage\"},\"image\":{\"@id\":\"https:\\\/\\\/didatticainclusione.events.unibz.it\\\/?page_id=1401&lang=de#primaryimage\"},\"thumbnailUrl\":\"https:\\\/\\\/didatticainclusione.events.unibz.it\\\/wp-content\\\/uploads\\\/2024\\\/05\\\/Illustrazione_08_verde-3-jpg.jpg\",\"datePublished\":\"2024-10-21T09:58:04+00:00\",\"dateModified\":\"2024-10-21T15:55:04+00:00\",\"breadcrumb\":{\"@id\":\"https:\\\/\\\/didatticainclusione.events.unibz.it\\\/?page_id=1401&lang=de#breadcrumb\"},\"inLanguage\":\"en-US\",\"potentialAction\":[{\"@type\":\"ReadAction\",\"target\":[\"https:\\\/\\\/didatticainclusione.events.unibz.it\\\/?page_id=1401&lang=de\"]}]},{\"@type\":\"ImageObject\",\"inLanguage\":\"en-US\",\"@id\":\"https:\\\/\\\/didatticainclusione.events.unibz.it\\\/?page_id=1401&lang=de#primaryimage\",\"url\":\"https:\\\/\\\/didatticainclusione.events.unibz.it\\\/wp-content\\\/uploads\\\/2024\\\/05\\\/Illustrazione_08_verde-3-jpg.jpg\",\"contentUrl\":\"https:\\\/\\\/didatticainclusione.events.unibz.it\\\/wp-content\\\/uploads\\\/2024\\\/05\\\/Illustrazione_08_verde-3-jpg.jpg\",\"width\":2362,\"height\":1080},{\"@type\":\"BreadcrumbList\",\"@id\":\"https:\\\/\\\/didatticainclusione.events.unibz.it\\\/?page_id=1401&lang=de#breadcrumb\",\"itemListElement\":[{\"@type\":\"ListItem\",\"position\":1,\"name\":\"Home\",\"item\":\"https:\\\/\\\/didatticainclusione.events.unibz.it\\\/\"},{\"@type\":\"ListItem\",\"position\":2,\"name\":\"Der Tagungsort\"}]},{\"@type\":\"WebSite\",\"@id\":\"https:\\\/\\\/didatticainclusione.events.unibz.it\\\/#website\",\"url\":\"https:\\\/\\\/didatticainclusione.events.unibz.it\\\/\",\"name\":\"Didattica e inclusione scolastica\",\"description\":\"Just another WordPress site\",\"potentialAction\":[{\"@type\":\"SearchAction\",\"target\":{\"@type\":\"EntryPoint\",\"urlTemplate\":\"https:\\\/\\\/didatticainclusione.events.unibz.it\\\/?s={search_term_string}\"},\"query-input\":{\"@type\":\"PropertyValueSpecification\",\"valueRequired\":true,\"valueName\":\"search_term_string\"}}],\"inLanguage\":\"en-US\"}]}<\/script>\n<!-- \/ Yoast SEO plugin. -->","yoast_head_json":{"title":"Der Tagungsort - Didattica e inclusione scolastica","robots":{"index":"index","follow":"follow","max-snippet":"max-snippet:-1","max-image-preview":"max-image-preview:large","max-video-preview":"max-video-preview:-1"},"canonical":"https:\/\/didatticainclusione.events.unibz.it\/?page_id=1401&lang=de","og_locale":"en_US","og_type":"article","og_title":"Der Tagungsort - Didattica e inclusione scolastica","og_description":"CAMPUS BRIXEN-BRESSANONE Freie Universit\u00e4t Bozen Fakult\u00e4t f\u00fcr Bildungswissenschaften Regensburgerallee 16, Italien \u2013 39100, Brixen Hier finden Sie Informationen zur Planung Ihrer Reise.","og_url":"https:\/\/didatticainclusione.events.unibz.it\/?page_id=1401&lang=de","og_site_name":"Didattica e inclusione scolastica","article_modified_time":"2024-10-21T15:55:04+00:00","og_image":[{"width":2362,"height":1080,"url":"http:\/\/didatticainclusione.events.unibz.it\/wp-content\/uploads\/2024\/05\/Illustrazione_08_verde-3-jpg.jpg","type":"image\/jpeg"}],"twitter_card":"summary_large_image","twitter_misc":{"Est. reading time":"1 minute"},"schema":{"@context":"https:\/\/schema.org","@graph":[{"@type":"WebPage","@id":"https:\/\/didatticainclusione.events.unibz.it\/?page_id=1401&lang=de","url":"https:\/\/didatticainclusione.events.unibz.it\/?page_id=1401&lang=de","name":"Der Tagungsort - Didattica e inclusione scolastica","isPartOf":{"@id":"https:\/\/didatticainclusione.events.unibz.it\/#website"},"primaryImageOfPage":{"@id":"https:\/\/didatticainclusione.events.unibz.it\/?page_id=1401&lang=de#primaryimage"},"image":{"@id":"https:\/\/didatticainclusione.events.unibz.it\/?page_id=1401&lang=de#primaryimage"},"thumbnailUrl":"https:\/\/didatticainclusione.events.unibz.it\/wp-content\/uploads\/2024\/05\/Illustrazione_08_verde-3-jpg.jpg","datePublished":"2024-10-21T09:58:04+00:00","dateModified":"2024-10-21T15:55:04+00:00","breadcrumb":{"@id":"https:\/\/didatticainclusione.events.unibz.it\/?page_id=1401&lang=de#breadcrumb"},"inLanguage":"en-US","potentialAction":[{"@type":"ReadAction","target":["https:\/\/didatticainclusione.events.unibz.it\/?page_id=1401&lang=de"]}]},{"@type":"ImageObject","inLanguage":"en-US","@id":"https:\/\/didatticainclusione.events.unibz.it\/?page_id=1401&lang=de#primaryimage","url":"https:\/\/didatticainclusione.events.unibz.it\/wp-content\/uploads\/2024\/05\/Illustrazione_08_verde-3-jpg.jpg","contentUrl":"https:\/\/didatticainclusione.events.unibz.it\/wp-content\/uploads\/2024\/05\/Illustrazione_08_verde-3-jpg.jpg","width":2362,"height":1080},{"@type":"BreadcrumbList","@id":"https:\/\/didatticainclusione.events.unibz.it\/?page_id=1401&lang=de#breadcrumb","itemListElement":[{"@type":"ListItem","position":1,"name":"Home","item":"https:\/\/didatticainclusione.events.unibz.it\/"},{"@type":"ListItem","position":2,"name":"Der Tagungsort"}]},{"@type":"WebSite","@id":"https:\/\/didatticainclusione.events.unibz.it\/#website","url":"https:\/\/didatticainclusione.events.unibz.it\/","name":"Didattica e inclusione scolastica","description":"Just another WordPress site","potentialAction":[{"@type":"SearchAction","target":{"@type":"EntryPoint","urlTemplate":"https:\/\/didatticainclusione.events.unibz.it\/?s={search_term_string}"},"query-input":{"@type":"PropertyValueSpecification","valueRequired":true,"valueName":"search_term_string"}}],"inLanguage":"en-US"}]}},"_links":{"self":[{"href":"https:\/\/didatticainclusione.events.unibz.it\/index.php?rest_route=\/wp\/v2\/pages\/1401","targetHints":{"allow":["GET"]}}],"collection":[{"href":"https:\/\/didatticainclusione.events.unibz.it\/index.php?rest_route=\/wp\/v2\/pages"}],"about":[{"href":"https:\/\/didatticainclusione.events.unibz.it\/index.php?rest_route=\/wp\/v2\/types\/page"}],"author":[{"embeddable":true,"href":"https:\/\/didatticainclusione.events.unibz.it\/index.php?rest_route=\/wp\/v2\/users\/5"}],"replies":[{"embeddable":true,"href":"https:\/\/didatticainclusione.events.unibz.it\/index.php?rest_route=%2Fwp%2Fv2%2Fcomments&post=1401"}],"version-history":[{"count":8,"href":"https:\/\/didatticainclusione.events.unibz.it\/index.php?rest_route=\/wp\/v2\/pages\/1401\/revisions"}],"predecessor-version":[{"id":1422,"href":"https:\/\/didatticainclusione.events.unibz.it\/index.php?rest_route=\/wp\/v2\/pages\/1401\/revisions\/1422"}],"wp:featuredmedia":[{"embeddable":true,"href":"https:\/\/didatticainclusione.events.unibz.it\/index.php?rest_route=\/wp\/v2\/media\/1278"}],"wp:attachment":[{"href":"https:\/\/didatticainclusione.events.unibz.it\/index.php?rest_route=%2Fwp%2Fv2%2Fmedia&parent=1401"}],"curies":[{"name":"wp","href":"https:\/\/api.w.org\/{rel}","templated":true}]}}