{"id":1256,"date":"2024-05-15T08:07:15","date_gmt":"2024-05-15T08:07:15","guid":{"rendered":"https:\/\/didatticainclusione.events.unibz.it\/?page_id=1256"},"modified":"2025-05-06T07:37:00","modified_gmt":"2025-05-06T07:37:00","slug":"tagung-2025","status":"publish","type":"page","link":"https:\/\/didatticainclusione.events.unibz.it\/?page_id=1256&lang=de","title":{"rendered":"Tagung 2025"},"content":{"rendered":"\n<h2 class=\"wp-block-heading has-text-align-center\"><mark style=\"background-color:rgba(0, 0, 0, 0)\" class=\"has-inline-color has-vivid-green-cyan-color\"><strong>DIDATTICA E INCLUSIONE SCOLASTICA <\/strong><\/mark><\/h2>\n\n\n\n<h2 class=\"wp-block-heading has-text-align-center\"><strong><mark style=\"background-color:rgba(0, 0, 0, 0)\" class=\"has-inline-color has-vivid-green-cyan-color\">INKLUSION IM BILDUNGSBEREICH<\/mark><\/strong><\/h2>\n\n\n\n<h2 class=\"wp-block-heading has-text-align-center\"><strong><mark style=\"background-color:rgba(0, 0, 0, 0)\" class=\"has-inline-color has-vivid-green-cyan-color\">equit\u00e0 e sostenibilit\u00e0 &#8211; Kontexte und Kontraste<\/mark><\/strong><\/h2>\n\n\n\n<p class=\"has-text-align-center\"><mark style=\"background-color:rgba(0, 0, 0, 0)\" class=\"has-inline-color has-vivid-green-cyan-color\">9. &#8211; 10. Mai 2025 Bressanone-Brixen<\/mark><\/p>\n\n\n\n<div style=\"height:70px\" aria-hidden=\"true\" class=\"wp-block-spacer\"><\/div>\n\n\n\n<p>Noch nie waren die Themen <em>equit\u00e0<\/em> und <em>sostenibilit\u00e0<\/em> f\u00fcr die Weiterentwicklung inklusiver Bildung und Erziehung so wichtig wie heute.&nbsp; In einer Zeit, die von wachsender <strong>Ungleichheit<\/strong> und von <strong>Gegens\u00e4tzen<\/strong> gepr\u00e4gt ist, steht die Erziehungs- und Bildungswissenschaft vor der wichtigen Aufgabe, Fragen der Gerechtigkeit und der Nachhaltigkeit wieder in den Mittelpunkt ihrer Aufmerksamkeit zu stellen.<\/p>\n\n\n\n<p>Angriffe auf demokratische und menschenrechtliche Grundwerte und wachsende Kontraste zwischen Armut und Reichtum fallen aktuell zusammen mit einem Kontext internationaler Konflikte und einer sich zunehmend versch\u00e4rfenden Klimakrise. Dies f\u00fchrt zu der Herausforderung, das Verh\u00e4ltnis zwischen <strong><em>Gleichheit, Gerechtigkeit und Inklusion<\/em><\/strong> genauer auszuloten und dies im Kontext der verantwortlichen Positionierung innerhalb demokratischer Gesellschaften zu reflektieren. Denn es wird auch die Frage zu stellen sein, welche Rolle Bildungsinstitutionen innerhalb demokratischer Gesellschaften zukommt und wie innerhalb von institutioneller Bildung und Erziehung heranwachsende Generationen in ihrer diesbez\u00fcglichen Handlungsf\u00e4higkeit und im Sinne von <strong><em>citizenship education<\/em><\/strong> gest\u00e4rkt werden k\u00f6nnen. Es gilt, konkrete Hinweise und Anhaltspunkte zu finden f\u00fcr eine demokratische, an Nachhaltigkeit, Inklusion und Gerechtigkeit ausgerichtete Bildungsforschung, -praxis und -politik.<\/p>\n\n\n\n<p>Es greift folglich zu kurz, dies von Seiten der Wissenschaft normativ von der Bildungspraxis einzufordern. Vielmehr braucht es neue Formen der Wissensentwicklung, die im engen Diskurs zwischen Praxis und Wissenschaft Forschung, Konzeption und theoretische Fundierung einer an Inklusion, Nachhaltigkeit und Gerechtigkeit ausgerichteten Bildung und Erziehung vorantreiben und das so entwickelte erfahrungs- und forschungsbasierte Wissen in der Breite zug\u00e4nglich machen.<\/p>\n\n\n\n<p>Die zweisprachige Tagung (italienisch und deutsch) zur Thematik \u201c<strong>equit\u00e0 e sostenibilit\u00e0 &#8211; Kontexte und Kontraste<\/strong>\u201d des Kompetenzzentrums f\u00fcr Inklusion im Bildungsbereich der Freien Universit\u00e4t Bozen- Bolzano folgt diesem Ziel. Sie will die Diskussion \u00fcber die Frage, wie Bildungssysteme im beschriebenen Sinne inklusiver gestaltet werden k\u00f6nnen, st\u00e4rken und dabei Br\u00fccken schlagen zwischen den deutschsprachigen und italienischsprachigen Diskursen zur inklusiven Bildung.<br>Wir laden daher Wissenschaftler:innen, Multiplikator:innen aus Fort- und Weiterbildung, Lehrpersonen und andere p\u00e4dagogisch Professionelle herzlich ein zur neunten Ausgabe der Konferenz &#8220;Didattica e inclusione scolastica &#8211; Inklusion im Bildungsbereich: equit\u00e0 e sostenibilit\u00e0 &#8211; Kontexte und Kontraste\u201d.<\/p>\n\n\n\n<div style=\"height:38px\" aria-hidden=\"true\" class=\"wp-block-spacer\"><\/div>\n\n\n\n<p class=\"has-text-align-right\">Veranstaltung organisiert vom <a href=\"https:\/\/www.unibz.it\/de\/home\/research\/competence-center-school-inclusion\/\">Kompetenzzentrum f\u00fcr Inklusion im Bildungsbereich der Freien Universit\u00e4t Bozen<\/a>:<\/p>\n\n\n\n<p class=\"has-text-align-right\"><strong>Tagungsleitung<\/strong>: <\/p>\n\n\n\n<p class=\"has-text-align-right\">Simone Seitz, Sara Baroni, Giulia Consalvo,<br>Heidrun Demo, Anna Frizzarin,<br>Vanessa Macchia, Stefania Torri.<\/p>\n\n\n\n<p class=\"has-text-align-right\"><strong>Organisation<\/strong>: Sara Baroni, Silver Cappello, Janica Pisciali.<\/p>\n\n\n\n<p class=\"has-text-align-right\">mit der Unterst\u00fctzung von <a href=\"https:\/\/www.fbk.eu\/it\/\">Fondazione Bruno Kessler<\/a><\/p>\n\n\n\n<p class=\"has-text-align-right\"><\/p>\n\n\n\n<p class=\"has-text-align-right\"><\/p>\n","protected":false},"excerpt":{"rendered":"<p>DIDATTICA E INCLUSIONE SCOLASTICA INKLUSION IM BILDUNGSBEREICH equit\u00e0 e sostenibilit\u00e0 &#8211; Kontexte und Kontraste 9. &#8211; 10. Mai 2025 Bressanone-Brixen Noch nie waren die Themen equit\u00e0 und sostenibilit\u00e0 f\u00fcr die Weiterentwicklung inklusiver Bildung und Erziehung so wichtig wie heute.&nbsp; In einer Zeit, die von wachsender Ungleichheit und von Gegens\u00e4tzen gepr\u00e4gt [&hellip;]<\/p>\n","protected":false},"author":7,"featured_media":1278,"parent":0,"menu_order":0,"comment_status":"closed","ping_status":"closed","template":"","meta":{"footnotes":""},"class_list":["post-1256","page","type-page","status-publish","has-post-thumbnail","hentry"],"yoast_head":"<!-- This site is optimized with the Yoast SEO plugin v27.3 - https:\/\/yoast.com\/product\/yoast-seo-wordpress\/ -->\n<title>Tagung 2025 - Didattica e inclusione scolastica<\/title>\n<meta name=\"robots\" content=\"index, follow, max-snippet:-1, max-image-preview:large, max-video-preview:-1\" \/>\n<link rel=\"canonical\" href=\"https:\/\/didatticainclusione.events.unibz.it\/?page_id=1256&lang=de\" \/>\n<meta property=\"og:locale\" content=\"en_US\" \/>\n<meta property=\"og:type\" content=\"article\" \/>\n<meta property=\"og:title\" content=\"Tagung 2025 - Didattica e inclusione scolastica\" \/>\n<meta property=\"og:description\" content=\"DIDATTICA E INCLUSIONE SCOLASTICA INKLUSION IM BILDUNGSBEREICH equit\u00e0 e sostenibilit\u00e0 &#8211; Kontexte und Kontraste 9. &#8211; 10. Mai 2025 Bressanone-Brixen Noch nie waren die Themen equit\u00e0 und sostenibilit\u00e0 f\u00fcr die Weiterentwicklung inklusiver Bildung und Erziehung so wichtig wie heute.&nbsp; In einer Zeit, die von wachsender Ungleichheit und von Gegens\u00e4tzen gepr\u00e4gt [&hellip;]\" \/>\n<meta property=\"og:url\" content=\"https:\/\/didatticainclusione.events.unibz.it\/?page_id=1256&amp;lang=de\" \/>\n<meta property=\"og:site_name\" content=\"Didattica e inclusione scolastica\" \/>\n<meta property=\"article:modified_time\" content=\"2025-05-06T07:37:00+00:00\" \/>\n<meta property=\"og:image\" content=\"http:\/\/didatticainclusione.events.unibz.it\/wp-content\/uploads\/2024\/05\/Illustrazione_08_verde-3-jpg.jpg\" \/>\n\t<meta property=\"og:image:width\" content=\"2362\" \/>\n\t<meta property=\"og:image:height\" content=\"1080\" \/>\n\t<meta property=\"og:image:type\" content=\"image\/jpeg\" \/>\n<meta name=\"twitter:card\" content=\"summary_large_image\" \/>\n<meta name=\"twitter:label1\" content=\"Est. reading time\" \/>\n\t<meta name=\"twitter:data1\" content=\"2 minutes\" \/>\n<script type=\"application\/ld+json\" class=\"yoast-schema-graph\">{\"@context\":\"https:\\\/\\\/schema.org\",\"@graph\":[{\"@type\":\"WebPage\",\"@id\":\"https:\\\/\\\/didatticainclusione.events.unibz.it\\\/?page_id=1256&lang=de\",\"url\":\"https:\\\/\\\/didatticainclusione.events.unibz.it\\\/?page_id=1256&lang=de\",\"name\":\"Tagung 2025 - Didattica e inclusione scolastica\",\"isPartOf\":{\"@id\":\"https:\\\/\\\/didatticainclusione.events.unibz.it\\\/#website\"},\"primaryImageOfPage\":{\"@id\":\"https:\\\/\\\/didatticainclusione.events.unibz.it\\\/?page_id=1256&lang=de#primaryimage\"},\"image\":{\"@id\":\"https:\\\/\\\/didatticainclusione.events.unibz.it\\\/?page_id=1256&lang=de#primaryimage\"},\"thumbnailUrl\":\"https:\\\/\\\/didatticainclusione.events.unibz.it\\\/wp-content\\\/uploads\\\/2024\\\/05\\\/Illustrazione_08_verde-3-jpg.jpg\",\"datePublished\":\"2024-05-15T08:07:15+00:00\",\"dateModified\":\"2025-05-06T07:37:00+00:00\",\"breadcrumb\":{\"@id\":\"https:\\\/\\\/didatticainclusione.events.unibz.it\\\/?page_id=1256&lang=de#breadcrumb\"},\"inLanguage\":\"en-US\",\"potentialAction\":[{\"@type\":\"ReadAction\",\"target\":[\"https:\\\/\\\/didatticainclusione.events.unibz.it\\\/?page_id=1256&lang=de\"]}]},{\"@type\":\"ImageObject\",\"inLanguage\":\"en-US\",\"@id\":\"https:\\\/\\\/didatticainclusione.events.unibz.it\\\/?page_id=1256&lang=de#primaryimage\",\"url\":\"https:\\\/\\\/didatticainclusione.events.unibz.it\\\/wp-content\\\/uploads\\\/2024\\\/05\\\/Illustrazione_08_verde-3-jpg.jpg\",\"contentUrl\":\"https:\\\/\\\/didatticainclusione.events.unibz.it\\\/wp-content\\\/uploads\\\/2024\\\/05\\\/Illustrazione_08_verde-3-jpg.jpg\",\"width\":2362,\"height\":1080},{\"@type\":\"BreadcrumbList\",\"@id\":\"https:\\\/\\\/didatticainclusione.events.unibz.it\\\/?page_id=1256&lang=de#breadcrumb\",\"itemListElement\":[{\"@type\":\"ListItem\",\"position\":1,\"name\":\"Home\",\"item\":\"https:\\\/\\\/didatticainclusione.events.unibz.it\\\/\"},{\"@type\":\"ListItem\",\"position\":2,\"name\":\"Tagung 2025\"}]},{\"@type\":\"WebSite\",\"@id\":\"https:\\\/\\\/didatticainclusione.events.unibz.it\\\/#website\",\"url\":\"https:\\\/\\\/didatticainclusione.events.unibz.it\\\/\",\"name\":\"Didattica e inclusione scolastica\",\"description\":\"Just another WordPress site\",\"potentialAction\":[{\"@type\":\"SearchAction\",\"target\":{\"@type\":\"EntryPoint\",\"urlTemplate\":\"https:\\\/\\\/didatticainclusione.events.unibz.it\\\/?s={search_term_string}\"},\"query-input\":{\"@type\":\"PropertyValueSpecification\",\"valueRequired\":true,\"valueName\":\"search_term_string\"}}],\"inLanguage\":\"en-US\"}]}<\/script>\n<!-- \/ Yoast SEO plugin. -->","yoast_head_json":{"title":"Tagung 2025 - Didattica e inclusione scolastica","robots":{"index":"index","follow":"follow","max-snippet":"max-snippet:-1","max-image-preview":"max-image-preview:large","max-video-preview":"max-video-preview:-1"},"canonical":"https:\/\/didatticainclusione.events.unibz.it\/?page_id=1256&lang=de","og_locale":"en_US","og_type":"article","og_title":"Tagung 2025 - Didattica e inclusione scolastica","og_description":"DIDATTICA E INCLUSIONE SCOLASTICA INKLUSION IM BILDUNGSBEREICH equit\u00e0 e sostenibilit\u00e0 &#8211; Kontexte und Kontraste 9. &#8211; 10. Mai 2025 Bressanone-Brixen Noch nie waren die Themen equit\u00e0 und sostenibilit\u00e0 f\u00fcr die Weiterentwicklung inklusiver Bildung und Erziehung so wichtig wie heute.&nbsp; In einer Zeit, die von wachsender Ungleichheit und von Gegens\u00e4tzen gepr\u00e4gt [&hellip;]","og_url":"https:\/\/didatticainclusione.events.unibz.it\/?page_id=1256&lang=de","og_site_name":"Didattica e inclusione scolastica","article_modified_time":"2025-05-06T07:37:00+00:00","og_image":[{"width":2362,"height":1080,"url":"http:\/\/didatticainclusione.events.unibz.it\/wp-content\/uploads\/2024\/05\/Illustrazione_08_verde-3-jpg.jpg","type":"image\/jpeg"}],"twitter_card":"summary_large_image","twitter_misc":{"Est. reading time":"2 minutes"},"schema":{"@context":"https:\/\/schema.org","@graph":[{"@type":"WebPage","@id":"https:\/\/didatticainclusione.events.unibz.it\/?page_id=1256&lang=de","url":"https:\/\/didatticainclusione.events.unibz.it\/?page_id=1256&lang=de","name":"Tagung 2025 - Didattica e inclusione scolastica","isPartOf":{"@id":"https:\/\/didatticainclusione.events.unibz.it\/#website"},"primaryImageOfPage":{"@id":"https:\/\/didatticainclusione.events.unibz.it\/?page_id=1256&lang=de#primaryimage"},"image":{"@id":"https:\/\/didatticainclusione.events.unibz.it\/?page_id=1256&lang=de#primaryimage"},"thumbnailUrl":"https:\/\/didatticainclusione.events.unibz.it\/wp-content\/uploads\/2024\/05\/Illustrazione_08_verde-3-jpg.jpg","datePublished":"2024-05-15T08:07:15+00:00","dateModified":"2025-05-06T07:37:00+00:00","breadcrumb":{"@id":"https:\/\/didatticainclusione.events.unibz.it\/?page_id=1256&lang=de#breadcrumb"},"inLanguage":"en-US","potentialAction":[{"@type":"ReadAction","target":["https:\/\/didatticainclusione.events.unibz.it\/?page_id=1256&lang=de"]}]},{"@type":"ImageObject","inLanguage":"en-US","@id":"https:\/\/didatticainclusione.events.unibz.it\/?page_id=1256&lang=de#primaryimage","url":"https:\/\/didatticainclusione.events.unibz.it\/wp-content\/uploads\/2024\/05\/Illustrazione_08_verde-3-jpg.jpg","contentUrl":"https:\/\/didatticainclusione.events.unibz.it\/wp-content\/uploads\/2024\/05\/Illustrazione_08_verde-3-jpg.jpg","width":2362,"height":1080},{"@type":"BreadcrumbList","@id":"https:\/\/didatticainclusione.events.unibz.it\/?page_id=1256&lang=de#breadcrumb","itemListElement":[{"@type":"ListItem","position":1,"name":"Home","item":"https:\/\/didatticainclusione.events.unibz.it\/"},{"@type":"ListItem","position":2,"name":"Tagung 2025"}]},{"@type":"WebSite","@id":"https:\/\/didatticainclusione.events.unibz.it\/#website","url":"https:\/\/didatticainclusione.events.unibz.it\/","name":"Didattica e inclusione scolastica","description":"Just another WordPress site","potentialAction":[{"@type":"SearchAction","target":{"@type":"EntryPoint","urlTemplate":"https:\/\/didatticainclusione.events.unibz.it\/?s={search_term_string}"},"query-input":{"@type":"PropertyValueSpecification","valueRequired":true,"valueName":"search_term_string"}}],"inLanguage":"en-US"}]}},"_links":{"self":[{"href":"https:\/\/didatticainclusione.events.unibz.it\/index.php?rest_route=\/wp\/v2\/pages\/1256","targetHints":{"allow":["GET"]}}],"collection":[{"href":"https:\/\/didatticainclusione.events.unibz.it\/index.php?rest_route=\/wp\/v2\/pages"}],"about":[{"href":"https:\/\/didatticainclusione.events.unibz.it\/index.php?rest_route=\/wp\/v2\/types\/page"}],"author":[{"embeddable":true,"href":"https:\/\/didatticainclusione.events.unibz.it\/index.php?rest_route=\/wp\/v2\/users\/7"}],"replies":[{"embeddable":true,"href":"https:\/\/didatticainclusione.events.unibz.it\/index.php?rest_route=%2Fwp%2Fv2%2Fcomments&post=1256"}],"version-history":[{"count":23,"href":"https:\/\/didatticainclusione.events.unibz.it\/index.php?rest_route=\/wp\/v2\/pages\/1256\/revisions"}],"predecessor-version":[{"id":1576,"href":"https:\/\/didatticainclusione.events.unibz.it\/index.php?rest_route=\/wp\/v2\/pages\/1256\/revisions\/1576"}],"wp:featuredmedia":[{"embeddable":true,"href":"https:\/\/didatticainclusione.events.unibz.it\/index.php?rest_route=\/wp\/v2\/media\/1278"}],"wp:attachment":[{"href":"https:\/\/didatticainclusione.events.unibz.it\/index.php?rest_route=%2Fwp%2Fv2%2Fmedia&parent=1256"}],"curies":[{"name":"wp","href":"https:\/\/api.w.org\/{rel}","templated":true}]}}