{"id":1051,"date":"2023-01-24T16:55:18","date_gmt":"2023-01-24T16:55:18","guid":{"rendered":"https:\/\/didatticainclusione.events.unibz.it\/?page_id=1051"},"modified":"2023-02-06T12:29:27","modified_gmt":"2023-02-06T12:29:27","slug":"anmeldung-und-teilnahme","status":"publish","type":"page","link":"https:\/\/didatticainclusione.events.unibz.it\/?page_id=1051&lang=de","title":{"rendered":"Anmeldung und Teilnahme"},"content":{"rendered":"\n<h2 class=\"wp-block-heading\"><strong><strong>Es ist m\u00f6glich, sich bis zum 27. Februar 2023 um 12:00 Uhr anzumelden und die Konferenz online oder in Anwesenheit zu verfolgen.<\/strong><mark style=\"background-color:rgba(0, 0, 0, 0)\" class=\"has-inline-color has-luminous-vivid-amber-color\"> <\/mark><\/strong><\/h2>\n\n\n\n<div style=\"height:50px\" aria-hidden=\"true\" class=\"wp-block-spacer\"><\/div>\n\n\n\n<h2 class=\"wp-block-heading\">Teilnahmegeb\u00fchr<br><\/h2>\n\n\n\n<p><strong>Teilnehmende<\/strong>: 35 \u20ac. <\/p>\n\n\n\n<p><strong>Teilnehmer\/in mit Dozentenkarte (Carta docente)<\/strong>: 35 \u20ac.<\/p>\n\n\n\n<p><strong>P\u00e4dagogische Fachkr\u00e4fte, Lehrpersonal oder Leiter\/Leiterin der Autonomen Provinz Bozen und Trient<\/strong>: kostenlos (obligatorische Registrierung mit institutioneller E-Mail)<\/p>\n\n\n\n<p><strong>Unibz-Mitarbeitende und Studierende:<\/strong> kostenlos (obligatorische Registrierung mit E-Mail von unibz)<\/p>\n\n\n\n<p><strong>ACHTUNG: Die geleisteten Zahlungen werden nicht zur\u00fcckerstattet<\/strong><br><\/p>\n\n\n\n<p><strong>AUSSTELLUNG DER RECHNUNG<\/strong>: Die Rechnungen werden in den Wochen nach der Konferenz verschickt.<\/p>\n\n\n\n<div style=\"height:25px\" aria-hidden=\"true\" class=\"wp-block-spacer\"><\/div>\n\n\n\n<h2 class=\"wp-block-heading\">Carta docente<\/h2>\n\n\n\n<p>F\u00fcr die Anmeldung k\u00f6nnen Sie Ihre &#8220;Carta del docente&#8221; verwenden. Die Teilnahmegeb\u00fchr betr\u00e4gt 35 \u20ac. Bitte w\u00e4hlen Sie im Online-Anmeldeformular die Option &#8220;Carta del docente&#8221;. Bitte senden Sie anschlie\u00dfend eine E-Mail mit dem generierten Code an: <a href=\"mailto:inklusioninclusione@unibz.it\">inklusioninclusione@unibz.it<\/a>.<\/p>\n\n\n\n<div style=\"height:25px\" aria-hidden=\"true\" class=\"wp-block-spacer\"><\/div>\n\n\n\n<h2 class=\"wp-block-heading\">Bescheinigungen<\/h2>\n\n\n\n<p><strong>Teilnahme in Anwesenheit:<\/strong> Die Teilnahmebest\u00e4tigung dokumentiert die Teilnahme an den Konferenzaktivit\u00e4ten im Umfang von 12 Stunden und wird am Ende der Veranstaltung ausgeteilt.<\/p>\n\n\n\n<p><strong>Online-Teilnahme:<\/strong> Die Teilnahmebest\u00e4tigung f\u00fcr Online-Teilnehmer*innen wird \u00fcber die von Zoom bescheinigte Anwesenheit anhand des jeweiligen Einzelaccounts des Teilnehmenden f\u00fcr insgesamt 8 Stunden ausgestellt und in den Wochen nach der Veranstaltung via E-Mail zugesandt. F\u00fcr Teilnehmer*innen, die nicht \u00fcber ihr eigenes Konto eingeloggt sind, kann keine Teilnahmebest\u00e4tigung ausgestellt werden. Aus diesem Grund bitten wir Sie dringend, Ihr Zoom-Profil mit Ihrem Vor- und Nachnamen zu benennen bzw. umzubenennen.<\/p>\n\n\n\n<div style=\"height:50px\" aria-hidden=\"true\" class=\"wp-block-spacer\"><\/div>\n\n\n\n<h2 class=\"wp-block-heading\"><strong>Veranstaltungsort<\/strong><\/h2>\n\n\n\n<p>Freie Universit\u00e4t Bozen<\/p>\n\n\n\n<p>Fakult\u00e4t f\u00fcr Bildungswissenschaften<\/p>\n\n\n\n<p>Regensburger Allee 16<\/p>\n\n\n\n<p>Italien &#8211; 39042, Brixen<br><\/p>\n\n\n\n<div style=\"height:50px\" aria-hidden=\"true\" class=\"wp-block-spacer\"><\/div>\n\n\n\n<h2 class=\"wp-block-heading\">Die Zoom-Plattform<\/h2>\n\n\n\n<p>Die Konferenz kann online \u00fcber die Plattform Zoom verfolgt werden. Nach dem Ausf\u00fcllen des Online-Anmeldeformulars erhalten die Teilnehmenden eine Best\u00e4tigungs-E-Mail und in der Woche vor der Konferenz den Zugangslink.<\/p>\n\n\n\n<p><strong>ACHTUNG: Die Links sind streng pers\u00f6nlich und d\u00fcrfen nicht weitergegeben werden.<\/strong><\/p>\n\n\n\n<p>Die Konferenz wird nicht aufgezeichnet.<br>Die Zoom-Software und Updates k\u00f6nnen kostenlos von der folgenden Website heruntergeladen werden: <a href=\"https:\/\/zoom.us\/download\">https:\/\/zoom.us\/download<\/a>.<\/p>\n\n\n\n<p>Wir empfehlen die Verwendung des Browsers&nbsp;<a href=\"https:\/\/www.google.com\/chrome\/\">Google Chrome<\/a>.<\/p>\n\n\n\n<div style=\"height:50px\" aria-hidden=\"true\" class=\"wp-block-spacer\"><\/div>\n\n\n\n<h2 class=\"wp-block-heading\">Organisatorische Unterst\u00fctzung<\/h2>\n\n\n\n<p>Janica Pisciali, Kompetenzzentrum f\u00fcr Inklusion im Bildungsbereich, Freie Universit\u00e4t Bozen<br>E-Mail:&nbsp;<a href=\"mailto:inklusioninclusione@unibz.it\">inklusioninclusione@unibz.it<\/a><\/p>\n\n\n\n<p>Massimo Eccli, Pressestelle und Veranstaltungsorganisation, Freie Universit\u00e4t Bozen<br>E-Mail:&nbsp;<a href=\"mailto:event@unibz.it\">event@unibz.it<\/a><\/p>\n\n\n\n<p><br><\/p>\n\n\n\n<div style=\"height:100px\" aria-hidden=\"true\" class=\"wp-block-spacer\"><\/div>\n\n\n\n<p class=\"has-text-align-right\">Veranstaltung organisiert vom&nbsp;<a href=\"https:\/\/www.unibz.it\/de\/home\/research\/competence-center-for-school-inclusion\/\">Kompetenzzentrum f\u00fcr Inklusion im Bildungsbereich der Freien Universit\u00e4t Bozen<\/a>:<\/p>\n\n\n\n<p class=\"has-text-align-right\">Petra Auer, Rosa Bellacicco, Silver Cappello, Heidrun Demo, Enrico Angelo Emili, Anna Frizzarin, Dario Ianes, Vanessa Macchia, Simone Seitz<\/p>\n\n\n\n<p class=\"has-text-align-right\">F\u00fcr das Programm: Heidrun Demo, Simone Seitz, Vanessa Macchia und Silver Cappello<\/p>\n\n\n\n<p class=\"has-text-align-right\">F\u00fcr die Organisation: Silver Cappello<\/p>\n","protected":false},"excerpt":{"rendered":"<p>Es ist m\u00f6glich, sich bis zum 27. Februar 2023 um 12:00 Uhr anzumelden und die Konferenz online oder in Anwesenheit zu verfolgen. Teilnahmegeb\u00fchr Teilnehmende: 35 \u20ac. Teilnehmer\/in mit Dozentenkarte (Carta docente): 35 \u20ac. P\u00e4dagogische Fachkr\u00e4fte, Lehrpersonal oder Leiter\/Leiterin der Autonomen Provinz Bozen und Trient: kostenlos (obligatorische Registrierung mit institutioneller E-Mail) [&hellip;]<\/p>\n","protected":false},"author":6,"featured_media":1036,"parent":0,"menu_order":0,"comment_status":"closed","ping_status":"closed","template":"","meta":{"footnotes":""},"class_list":["post-1051","page","type-page","status-publish","has-post-thumbnail","hentry"],"yoast_head":"<!-- This site is optimized with the Yoast SEO plugin v27.3 - https:\/\/yoast.com\/product\/yoast-seo-wordpress\/ -->\n<title>Anmeldung und Teilnahme - Didattica e inclusione scolastica<\/title>\n<meta name=\"robots\" content=\"index, follow, max-snippet:-1, max-image-preview:large, max-video-preview:-1\" \/>\n<link rel=\"canonical\" href=\"https:\/\/didatticainclusione.events.unibz.it\/?page_id=1051&lang=de\" \/>\n<meta property=\"og:locale\" content=\"en_US\" \/>\n<meta property=\"og:type\" content=\"article\" \/>\n<meta property=\"og:title\" content=\"Anmeldung und Teilnahme - Didattica e inclusione scolastica\" \/>\n<meta property=\"og:description\" content=\"Es ist m\u00f6glich, sich bis zum 27. Februar 2023 um 12:00 Uhr anzumelden und die Konferenz online oder in Anwesenheit zu verfolgen. Teilnahmegeb\u00fchr Teilnehmende: 35 \u20ac. Teilnehmer\/in mit Dozentenkarte (Carta docente): 35 \u20ac. P\u00e4dagogische Fachkr\u00e4fte, Lehrpersonal oder Leiter\/Leiterin der Autonomen Provinz Bozen und Trient: kostenlos (obligatorische Registrierung mit institutioneller E-Mail) [&hellip;]\" \/>\n<meta property=\"og:url\" content=\"https:\/\/didatticainclusione.events.unibz.it\/?page_id=1051&amp;lang=de\" \/>\n<meta property=\"og:site_name\" content=\"Didattica e inclusione scolastica\" \/>\n<meta property=\"article:modified_time\" content=\"2023-02-06T12:29:27+00:00\" \/>\n<meta property=\"og:image\" content=\"http:\/\/didatticainclusione.events.unibz.it\/wp-content\/uploads\/2022\/12\/Didattica-e-Inclusione-Scolastica.-Inklusion-im-Bildungsbereich.jpg\" \/>\n\t<meta property=\"og:image:width\" content=\"1920\" \/>\n\t<meta property=\"og:image:height\" content=\"1080\" \/>\n\t<meta property=\"og:image:type\" content=\"image\/jpeg\" \/>\n<meta name=\"twitter:card\" content=\"summary_large_image\" \/>\n<meta name=\"twitter:label1\" content=\"Est. reading time\" \/>\n\t<meta name=\"twitter:data1\" content=\"2 minutes\" \/>\n<script type=\"application\/ld+json\" class=\"yoast-schema-graph\">{\"@context\":\"https:\\\/\\\/schema.org\",\"@graph\":[{\"@type\":\"WebPage\",\"@id\":\"https:\\\/\\\/didatticainclusione.events.unibz.it\\\/?page_id=1051&lang=de\",\"url\":\"https:\\\/\\\/didatticainclusione.events.unibz.it\\\/?page_id=1051&lang=de\",\"name\":\"Anmeldung und Teilnahme - Didattica e inclusione scolastica\",\"isPartOf\":{\"@id\":\"https:\\\/\\\/didatticainclusione.events.unibz.it\\\/#website\"},\"primaryImageOfPage\":{\"@id\":\"https:\\\/\\\/didatticainclusione.events.unibz.it\\\/?page_id=1051&lang=de#primaryimage\"},\"image\":{\"@id\":\"https:\\\/\\\/didatticainclusione.events.unibz.it\\\/?page_id=1051&lang=de#primaryimage\"},\"thumbnailUrl\":\"https:\\\/\\\/didatticainclusione.events.unibz.it\\\/wp-content\\\/uploads\\\/2022\\\/12\\\/Didattica-e-Inclusione-Scolastica.-Inklusion-im-Bildungsbereich.jpg\",\"datePublished\":\"2023-01-24T16:55:18+00:00\",\"dateModified\":\"2023-02-06T12:29:27+00:00\",\"breadcrumb\":{\"@id\":\"https:\\\/\\\/didatticainclusione.events.unibz.it\\\/?page_id=1051&lang=de#breadcrumb\"},\"inLanguage\":\"en-US\",\"potentialAction\":[{\"@type\":\"ReadAction\",\"target\":[\"https:\\\/\\\/didatticainclusione.events.unibz.it\\\/?page_id=1051&lang=de\"]}]},{\"@type\":\"ImageObject\",\"inLanguage\":\"en-US\",\"@id\":\"https:\\\/\\\/didatticainclusione.events.unibz.it\\\/?page_id=1051&lang=de#primaryimage\",\"url\":\"https:\\\/\\\/didatticainclusione.events.unibz.it\\\/wp-content\\\/uploads\\\/2022\\\/12\\\/Didattica-e-Inclusione-Scolastica.-Inklusion-im-Bildungsbereich.jpg\",\"contentUrl\":\"https:\\\/\\\/didatticainclusione.events.unibz.it\\\/wp-content\\\/uploads\\\/2022\\\/12\\\/Didattica-e-Inclusione-Scolastica.-Inklusion-im-Bildungsbereich.jpg\",\"width\":1920,\"height\":1080},{\"@type\":\"BreadcrumbList\",\"@id\":\"https:\\\/\\\/didatticainclusione.events.unibz.it\\\/?page_id=1051&lang=de#breadcrumb\",\"itemListElement\":[{\"@type\":\"ListItem\",\"position\":1,\"name\":\"Home\",\"item\":\"https:\\\/\\\/didatticainclusione.events.unibz.it\\\/\"},{\"@type\":\"ListItem\",\"position\":2,\"name\":\"Anmeldung und Teilnahme\"}]},{\"@type\":\"WebSite\",\"@id\":\"https:\\\/\\\/didatticainclusione.events.unibz.it\\\/#website\",\"url\":\"https:\\\/\\\/didatticainclusione.events.unibz.it\\\/\",\"name\":\"Didattica e inclusione scolastica\",\"description\":\"Just another WordPress site\",\"potentialAction\":[{\"@type\":\"SearchAction\",\"target\":{\"@type\":\"EntryPoint\",\"urlTemplate\":\"https:\\\/\\\/didatticainclusione.events.unibz.it\\\/?s={search_term_string}\"},\"query-input\":{\"@type\":\"PropertyValueSpecification\",\"valueRequired\":true,\"valueName\":\"search_term_string\"}}],\"inLanguage\":\"en-US\"}]}<\/script>\n<!-- \/ Yoast SEO plugin. -->","yoast_head_json":{"title":"Anmeldung und Teilnahme - Didattica e inclusione scolastica","robots":{"index":"index","follow":"follow","max-snippet":"max-snippet:-1","max-image-preview":"max-image-preview:large","max-video-preview":"max-video-preview:-1"},"canonical":"https:\/\/didatticainclusione.events.unibz.it\/?page_id=1051&lang=de","og_locale":"en_US","og_type":"article","og_title":"Anmeldung und Teilnahme - Didattica e inclusione scolastica","og_description":"Es ist m\u00f6glich, sich bis zum 27. Februar 2023 um 12:00 Uhr anzumelden und die Konferenz online oder in Anwesenheit zu verfolgen. Teilnahmegeb\u00fchr Teilnehmende: 35 \u20ac. Teilnehmer\/in mit Dozentenkarte (Carta docente): 35 \u20ac. P\u00e4dagogische Fachkr\u00e4fte, Lehrpersonal oder Leiter\/Leiterin der Autonomen Provinz Bozen und Trient: kostenlos (obligatorische Registrierung mit institutioneller E-Mail) [&hellip;]","og_url":"https:\/\/didatticainclusione.events.unibz.it\/?page_id=1051&lang=de","og_site_name":"Didattica e inclusione scolastica","article_modified_time":"2023-02-06T12:29:27+00:00","og_image":[{"width":1920,"height":1080,"url":"http:\/\/didatticainclusione.events.unibz.it\/wp-content\/uploads\/2022\/12\/Didattica-e-Inclusione-Scolastica.-Inklusion-im-Bildungsbereich.jpg","type":"image\/jpeg"}],"twitter_card":"summary_large_image","twitter_misc":{"Est. reading time":"2 minutes"},"schema":{"@context":"https:\/\/schema.org","@graph":[{"@type":"WebPage","@id":"https:\/\/didatticainclusione.events.unibz.it\/?page_id=1051&lang=de","url":"https:\/\/didatticainclusione.events.unibz.it\/?page_id=1051&lang=de","name":"Anmeldung und Teilnahme - Didattica e inclusione scolastica","isPartOf":{"@id":"https:\/\/didatticainclusione.events.unibz.it\/#website"},"primaryImageOfPage":{"@id":"https:\/\/didatticainclusione.events.unibz.it\/?page_id=1051&lang=de#primaryimage"},"image":{"@id":"https:\/\/didatticainclusione.events.unibz.it\/?page_id=1051&lang=de#primaryimage"},"thumbnailUrl":"https:\/\/didatticainclusione.events.unibz.it\/wp-content\/uploads\/2022\/12\/Didattica-e-Inclusione-Scolastica.-Inklusion-im-Bildungsbereich.jpg","datePublished":"2023-01-24T16:55:18+00:00","dateModified":"2023-02-06T12:29:27+00:00","breadcrumb":{"@id":"https:\/\/didatticainclusione.events.unibz.it\/?page_id=1051&lang=de#breadcrumb"},"inLanguage":"en-US","potentialAction":[{"@type":"ReadAction","target":["https:\/\/didatticainclusione.events.unibz.it\/?page_id=1051&lang=de"]}]},{"@type":"ImageObject","inLanguage":"en-US","@id":"https:\/\/didatticainclusione.events.unibz.it\/?page_id=1051&lang=de#primaryimage","url":"https:\/\/didatticainclusione.events.unibz.it\/wp-content\/uploads\/2022\/12\/Didattica-e-Inclusione-Scolastica.-Inklusion-im-Bildungsbereich.jpg","contentUrl":"https:\/\/didatticainclusione.events.unibz.it\/wp-content\/uploads\/2022\/12\/Didattica-e-Inclusione-Scolastica.-Inklusion-im-Bildungsbereich.jpg","width":1920,"height":1080},{"@type":"BreadcrumbList","@id":"https:\/\/didatticainclusione.events.unibz.it\/?page_id=1051&lang=de#breadcrumb","itemListElement":[{"@type":"ListItem","position":1,"name":"Home","item":"https:\/\/didatticainclusione.events.unibz.it\/"},{"@type":"ListItem","position":2,"name":"Anmeldung und Teilnahme"}]},{"@type":"WebSite","@id":"https:\/\/didatticainclusione.events.unibz.it\/#website","url":"https:\/\/didatticainclusione.events.unibz.it\/","name":"Didattica e inclusione scolastica","description":"Just another WordPress site","potentialAction":[{"@type":"SearchAction","target":{"@type":"EntryPoint","urlTemplate":"https:\/\/didatticainclusione.events.unibz.it\/?s={search_term_string}"},"query-input":{"@type":"PropertyValueSpecification","valueRequired":true,"valueName":"search_term_string"}}],"inLanguage":"en-US"}]}},"_links":{"self":[{"href":"https:\/\/didatticainclusione.events.unibz.it\/index.php?rest_route=\/wp\/v2\/pages\/1051","targetHints":{"allow":["GET"]}}],"collection":[{"href":"https:\/\/didatticainclusione.events.unibz.it\/index.php?rest_route=\/wp\/v2\/pages"}],"about":[{"href":"https:\/\/didatticainclusione.events.unibz.it\/index.php?rest_route=\/wp\/v2\/types\/page"}],"author":[{"embeddable":true,"href":"https:\/\/didatticainclusione.events.unibz.it\/index.php?rest_route=\/wp\/v2\/users\/6"}],"replies":[{"embeddable":true,"href":"https:\/\/didatticainclusione.events.unibz.it\/index.php?rest_route=%2Fwp%2Fv2%2Fcomments&post=1051"}],"version-history":[{"count":20,"href":"https:\/\/didatticainclusione.events.unibz.it\/index.php?rest_route=\/wp\/v2\/pages\/1051\/revisions"}],"predecessor-version":[{"id":1114,"href":"https:\/\/didatticainclusione.events.unibz.it\/index.php?rest_route=\/wp\/v2\/pages\/1051\/revisions\/1114"}],"wp:featuredmedia":[{"embeddable":true,"href":"https:\/\/didatticainclusione.events.unibz.it\/index.php?rest_route=\/wp\/v2\/media\/1036"}],"wp:attachment":[{"href":"https:\/\/didatticainclusione.events.unibz.it\/index.php?rest_route=%2Fwp%2Fv2%2Fmedia&parent=1051"}],"curies":[{"name":"wp","href":"https:\/\/api.w.org\/{rel}","templated":true}]}}